    {"id":37,"date":"2025-11-10T18:35:39","date_gmt":"2025-11-10T18:35:39","guid":{"rendered":"https:\/\/thenewsstacker.com\/?page_id=37"},"modified":"2025-11-10T18:35:43","modified_gmt":"2025-11-10T18:35:43","slug":"privacy","status":"publish","type":"page","link":"https:\/\/thenewsstacker.com\/fr\/privacy\/","title":{"rendered":"politique de confidentialit\u00e9"},"content":{"rendered":"<p><em>Mise \u00e0 jour le 3 novembre 2025<\/em><\/p>\n\n\n\n<h2 class=\"wp-block-heading\">Introduction et r\u00e9sum\u00e9<\/h2>\n\n\n\n<p>The News Stacker s&#039;engage \u00e0 prot\u00e9ger votre vie priv\u00e9e tout en vous proposant un journalisme de qualit\u00e9 et une s\u00e9lection de contenus sur l&#039;actualit\u00e9, les m\u00e9dias et les technologies. Notre site officiel, <a href=\"https:\/\/thenewsstacker.com\/fr\/\">https:\/\/thenewsstacker.com<\/a>, est exploit\u00e9 par IansTech O\u00dc, une soci\u00e9t\u00e9 bas\u00e9e \u00e0 Tallinn, en Estonie.<\/p>\n\n\n\n<p>La pr\u00e9sente politique de confidentialit\u00e9 explique comment nous recueillons, utilisons, divulguons et prot\u00e9geons vos renseignements personnels lorsque vous consultez notre site Web. Elle d\u00e9crit \u00e9galement vos droits en vertu des diff\u00e9rentes lois sur la protection des donn\u00e9es applicables dans des juridictions telles que les \u00c9tats-Unis et l&#039;Union europ\u00e9enne. Bien que nous ne recueillions pas de donn\u00e9es personnelles excessives, nous prenons toutes les pr\u00e9cautions n\u00e9cessaires pour garantir que toutes les donn\u00e9es que nous recueillons sont trait\u00e9es de fa\u00e7on licite, loyale et transparente.<\/p>\n\n\n\n<p>Si vous avez des questions concernant cette politique de confidentialit\u00e9, veuillez nous contacter via notre <a href=\"https:\/\/thenewsstacker.com\/fr\/contact\/\">Page de contact<\/a>.<\/p>\n\n\n\n<h2 class=\"wp-block-heading\">Port\u00e9e de la politique de confidentialit\u00e9<\/h2>\n\n\n\n<p>La pr\u00e9sente politique de confidentialit\u00e9 s&#039;applique \u00e0 tous les utilisateurs qui visitent notre site web ou interagissent avec l&#039;un de nos services renvoyant \u00e0 cette politique. Elle r\u00e9git la collecte, l&#039;utilisation et la protection des informations soumises ou collect\u00e9es automatiquement lors de votre interaction avec le site web.<\/p>\n\n\n\n<p>Cela ne s&#039;applique pas aux donn\u00e9es collect\u00e9es hors ligne ou par d&#039;autres canaux non g\u00e9r\u00e9s par The News Stacker.<\/p>\n\n\n\n<h2 class=\"wp-block-heading\">Consentement<\/h2>\n\n\n\n<p>En utilisant notre site web, vous acceptez les termes de la pr\u00e9sente Politique de confidentialit\u00e9 et nos Conditions d&#039;utilisation. Si vous n&#039;\u00eates pas d&#039;accord, vous devez cesser d&#039;utiliser notre site web et nos services.<\/p>\n\n\n\n<h2 class=\"wp-block-heading\">I. Pratiques de collecte de donn\u00e9es<\/h2>\n\n\n\n<h3 class=\"wp-block-heading\">A. Informations que vous fournissez volontairement<\/h3>\n\n\n\n<p>Vous n&#039;\u00eates pas tenu de fournir de renseignements personnels pour consulter notre site. Toutefois, vous pouvez choisir de partager des renseignements personnels tels que votre nom, votre adresse courriel ou d&#039;autres coordonn\u00e9es lorsque\u00a0:<\/p>\n\n\n\n<ul>\n<li>S&#039;abonner \u00e0 notre newsletter<\/li>\n\n\n\n<li>Vous pouvez nous contacter par formulaire ou par courriel.<\/li>\n\n\n\n<li>Participer \u00e0 des promotions ou \u00e0 des sondages<\/li>\n<\/ul>\n\n\n\n<p>Nous conservons ces donn\u00e9es pour r\u00e9pondre \u00e0 votre demande ou communiquer avec vous.<\/p>\n\n\n\n<h3 class=\"wp-block-heading\">B. Informations collect\u00e9es automatiquement<\/h3>\n\n\n\n<p>Nous collectons automatiquement certaines donn\u00e9es techniques et comportementales via\u00a0:<\/p>\n\n\n\n<ul>\n<li>Cookies et technologies de suivi<\/li>\n\n\n\n<li>Fichiers journaux du serveur<\/li>\n\n\n\n<li>Outils d&#039;analyse (par exemple, Google Analytics)<\/li>\n<\/ul>\n\n\n\n<p>Cela comprend :<\/p>\n\n\n\n<ul>\n<li>Adresse IP<\/li>\n\n\n\n<li>Type de navigateur et d&#039;appareil<\/li>\n\n\n\n<li>Fournisseur d&#039;acc\u00e8s Internet<\/li>\n\n\n\n<li>Horodatage<\/li>\n\n\n\n<li>Pages consult\u00e9es<\/li>\n\n\n\n<li>Parcours de clic<\/li>\n<\/ul>\n\n\n\n<p>Ces donn\u00e9es sont utilis\u00e9es \u00e0 des fins d&#039;analyse, de personnalisation, de s\u00e9curit\u00e9 et d&#039;am\u00e9lioration des performances du site.<\/p>\n\n\n\n<h3 class=\"wp-block-heading\">C. Donn\u00e9es et cookies tiers<\/h3>\n\n\n\n<p>Nous collaborons avec des tiers \u00e0 des fins d&#039;analyse et de publicit\u00e9. Ces partenaires peuvent d\u00e9poser des cookies ou utiliser des scripts de suivi pour collecter des donn\u00e9es limit\u00e9es (par exemple, l&#039;adresse IP, le comportement de l&#039;utilisateur).<\/p>\n\n\n\n<p>Nous encourageons les utilisateurs \u00e0 consulter les politiques de confidentialit\u00e9 des fournisseurs tiers, notamment <a href=\"https:\/\/policies.google.com\/\">R\u00e8gles de confidentialit\u00e9 et conditions d&#039;utilisation de Google<\/a>.<\/p>\n\n\n\n<h2 class=\"wp-block-heading\">II. Comment nous utilisons vos informations<\/h2>\n\n\n\n<p>Nous utilisons les informations que nous recueillons pour\u00a0:<\/p>\n\n\n\n<ul>\n<li>Exploiter, maintenir et am\u00e9liorer les fonctionnalit\u00e9s du site web<\/li>\n\n\n\n<li>Comprendre les habitudes d&#039;utilisation et les int\u00e9r\u00eats des utilisateurs<\/li>\n\n\n\n<li>Envoyer des mises \u00e0 jour ou des newsletters (avec le consentement de l&#039;utilisateur)<\/li>\n\n\n\n<li>Personnaliser le contenu et l&#039;exp\u00e9rience utilisateur<\/li>\n\n\n\n<li>Diffuser des publicit\u00e9s cibl\u00e9es<\/li>\n\n\n\n<li>R\u00e9pondre aux demandes des utilisateurs<\/li>\n\n\n\n<li>Pr\u00e9venir la fraude et renforcer la s\u00e9curit\u00e9 du site<\/li>\n<\/ul>\n\n\n\n<p>Nous le faisons <strong>pas<\/strong> Vente de donn\u00e9es personnelles. Le partage des donn\u00e9es est limit\u00e9 \u00e0\u00a0:<\/p>\n\n\n\n<ul>\n<li>Prestataires de services agr\u00e9\u00e9s<\/li>\n\n\n\n<li>Partenaires d&#039;analyse et de publicit\u00e9 (avec des donn\u00e9es anonymis\u00e9es)<\/li>\n\n\n\n<li>Les autorit\u00e9s l\u00e9gales ou r\u00e9glementaires lorsque la loi l&#039;exige<\/li>\n<\/ul>\n\n\n\n<h2 class=\"wp-block-heading\">III. Politique relative aux cookies<\/h2>\n\n\n\n<h3 class=\"wp-block-heading\">Que sont les cookies ?<\/h3>\n\n\n\n<p>Les cookies sont de petits fichiers texte stock\u00e9s sur votre appareil qui permettent aux sites web de se souvenir de vos actions et pr\u00e9f\u00e9rences.<\/p>\n\n\n\n<h3 class=\"wp-block-heading\">Types de cookies que nous utilisons<\/h3>\n\n\n\n<ul>\n<li><strong>Cookies essentiels<\/strong> pour les fonctionnalit\u00e9s principales du site<\/li>\n\n\n\n<li><strong>Cookies de performance<\/strong> surveiller l&#039;utilisation du site<\/li>\n\n\n\n<li><strong>Cookies publicitaires<\/strong> pour la personnalisation et le ciblage<\/li>\n\n\n\n<li><strong>Cookies analytiques<\/strong> pour comprendre le comportement des utilisateurs<\/li>\n<\/ul>\n\n\n\n<h3 class=\"wp-block-heading\">Gestion des cookies<\/h3>\n\n\n\n<p>Vous pouvez g\u00e9rer ou d\u00e9sactiver les cookies via les param\u00e8tres de votre navigateur. La d\u00e9sactivation des cookies peut affecter certaines fonctionnalit\u00e9s.<\/p>\n\n\n\n<p>Pour plus de d\u00e9tails, consultez les guides des navigateurs pour\u00a0:<\/p>\n\n\n\n<ul>\n<li><a href=\"https:\/\/support.google.com\/chrome\/answer\/95647\">Google Chrome<\/a><\/li>\n\n\n\n<li><a href=\"https:\/\/support.mozilla.org\/en-US\/kb\/clear-cookies-and-site-data-firefox\">Mozilla Firefox<\/a><\/li>\n\n\n\n<li><a href=\"https:\/\/support.apple.com\/guide\/safari\/manage-cookies-and-website-data-sfri11471\/mac\">Safari<\/a><\/li>\n<\/ul>\n\n\n\n<p>Les utilisateurs peuvent d\u00e9sactiver les publicit\u00e9s personnalis\u00e9es via\u00a0:<\/p>\n\n\n\n<ul>\n<li><a href=\"https:\/\/optout.aboutads.info\/\">\u00c0 propos des publicit\u00e9s<\/a><\/li>\n\n\n\n<li><a href=\"https:\/\/adssettings.google.com\/\">Param\u00e8tres des annonces Google<\/a><\/li>\n<\/ul>\n\n\n\n<h2 class=\"wp-block-heading\">IV. Protection et partage des donn\u00e9es<\/h2>\n\n\n\n<p>Nous mettons en \u0153uvre des mesures de s\u00e9curit\u00e9 administratives, techniques et physiques appropri\u00e9es pour prot\u00e9ger vos informations. L&#039;acc\u00e8s est limit\u00e9 au personnel autoris\u00e9 et aux prestataires de services tenus \u00e0 une obligation de confidentialit\u00e9.<\/p>\n\n\n\n<p>Nous ne vendons pas vos informations personnelles. Le partage de donn\u00e9es peut avoir lieu dans les conditions suivantes\u00a0:<\/p>\n\n\n\n<ul>\n<li>Avec des prestataires de services qui contribuent au fonctionnement du site (par exemple, h\u00e9bergement, analyse, outils de messagerie)<\/li>\n\n\n\n<li>Lorsque la loi l&#039;exige, en vertu d&#039;ordonnances des autorit\u00e9s r\u00e9glementaires ou des tribunaux<\/li>\n\n\n\n<li>Pour faire valoir nos droits l\u00e9gaux ou nous d\u00e9fendre contre des r\u00e9clamations l\u00e9gales<\/li>\n<\/ul>\n\n\n\n<p>Malgr\u00e9 tous nos efforts, aucun syst\u00e8me n&#039;est totalement infaillible. En cas de fuite de donn\u00e9es, nous informerons les utilisateurs concern\u00e9s conform\u00e9ment aux dispositions l\u00e9gales.<\/p>\n\n\n\n<h2 class=\"wp-block-heading\">V. Conservation des donn\u00e9es<\/h2>\n\n\n\n<p>Nous conservons vos donn\u00e9es personnelles uniquement pendant la dur\u00e9e n\u00e9cessaire pour\u00a0:<\/p>\n\n\n\n<ul>\n<li>R\u00e9aliser les objectifs \u00e9nonc\u00e9s dans la pr\u00e9sente politique<\/li>\n\n\n\n<li>Respectez vos obligations l\u00e9gales.<\/li>\n\n\n\n<li>R\u00e9gler les litiges ou faire respecter nos conditions<\/li>\n<\/ul>\n\n\n\n<p>Si vous souhaitez supprimer ou modifier vos donn\u00e9es personnelles, vous pouvez nous contacter via notre <a href=\"https:\/\/thenewsstacker.com\/fr\/contact\/\">Page de contact<\/a>.<\/p>\n\n\n\n<h2 class=\"wp-block-heading\">VI. Vos droits \u00e0 la protection de la vie priv\u00e9e<\/h2>\n\n\n\n<p>Selon votre juridiction, vous pouvez avoir des droits \u00e0\u00a0:<\/p>\n\n\n\n<ul>\n<li>Acc\u00e9dez aux renseignements personnels que nous d\u00e9tenons \u00e0 votre sujet.<\/li>\n\n\n\n<li>Demande de correction des donn\u00e9es inexactes<\/li>\n\n\n\n<li>Demander la suppression de vos donn\u00e9es personnelles<\/li>\n\n\n\n<li>Refuser certaines pratiques de partage de donn\u00e9es<\/li>\n\n\n\n<li>Recevez vos donn\u00e9es dans un format structur\u00e9 et portable<\/li>\n\n\n\n<li>Limiter l&#039;utilisation des donn\u00e9es sensibles<\/li>\n\n\n\n<li>S&#039;opposer au traitement des donn\u00e9es dans des contextes sp\u00e9cifiques<\/li>\n<\/ul>\n\n\n\n<p>Pour exercer l&#039;un de ces droits, veuillez nous contacter. Nous r\u00e9pondons aux demandes valides dans un d\u00e9lai de 30 jours.<\/p>\n\n\n\n<h2 class=\"wp-block-heading\">VII. Protection des donn\u00e9es aux \u00c9tats-Unis<\/h2>\n\n\n\n<p>IansTech O\u00dc respecte votre vie priv\u00e9e et se conforme aux lois am\u00e9ricaines sur la protection des donn\u00e9es en vigueur dans chaque \u00c9tat, le cas \u00e9ch\u00e9ant.<\/p>\n\n\n\n<h3 class=\"wp-block-heading\">Lois californiennes sur la protection de la vie priv\u00e9e \u2013 CCPA et CPRA<\/h3>\n\n\n\n<p>Si vous r\u00e9sidez en Californie, vous avez des droits en vertu de\u00a0:<\/p>\n\n\n\n<ul>\n<li>Loi californienne sur la protection des donn\u00e9es des consommateurs (CCPA)<\/li>\n\n\n\n<li>Loi californienne sur les droits \u00e0 la vie priv\u00e9e (CPRA)<\/li>\n<\/ul>\n\n\n\n<p>Vos droits comprennent\u00a0:<\/p>\n\n\n\n<ul>\n<li>D\u00e9couvrez quelles donn\u00e9es personnelles nous collectons et pourquoi.<\/li>\n\n\n\n<li>Demande de suppression des donn\u00e9es personnelles<\/li>\n\n\n\n<li>Corriger les informations inexactes<\/li>\n\n\n\n<li>Refuser la vente ou le partage de donn\u00e9es<\/li>\n\n\n\n<li>Limiter l&#039;utilisation des informations sensibles<\/li>\n\n\n\n<li>Non-discrimination pour l&#039;exercice de vos droits<\/li>\n<\/ul>\n\n\n\n<p>Nous respectons les signaux du navigateur Global Privacy Control (GPC) et proposons des banni\u00e8res de consentement aux cookies et des outils de d\u00e9sactivation selon les besoins.<\/p>\n\n\n\n<h3 class=\"wp-block-heading\">Loi de Virginie sur la protection des donn\u00e9es des consommateurs (VCDPA)<\/h3>\n\n\n\n<p>Les r\u00e9sidents de Virginie peuvent\u00a0:<\/p>\n\n\n\n<ul>\n<li>Acc\u00e9der aux donn\u00e9es personnelles ou les corriger<\/li>\n\n\n\n<li>Demande de suppression<\/li>\n\n\n\n<li>Refuser la publicit\u00e9 cibl\u00e9e ou le profilage<\/li>\n\n\n\n<li>Demander une copie des donn\u00e9es personnelles<\/li>\n<\/ul>\n\n\n\n<h3 class=\"wp-block-heading\">Loi sur la protection de la vie priv\u00e9e du Colorado (CPA)<\/h3>\n\n\n\n<p>La loi sur la protection des consommateurs (CPA) accorde aux r\u00e9sidents le droit de\u00a0:<\/p>\n\n\n\n<ul>\n<li>Acc\u00e9der, corriger ou supprimer les informations personnelles<\/li>\n\n\n\n<li>Refuser le profilage et la publicit\u00e9 cibl\u00e9e<\/li>\n\n\n\n<li>Soumettre des signaux de d\u00e9sactivation bas\u00e9s sur le navigateur<\/li>\n<\/ul>\n\n\n\n<h3 class=\"wp-block-heading\">Loi sur la protection de la vie priv\u00e9e des enfants en ligne (COPPA)<\/h3>\n\n\n\n<p>Nous ne recueillons pas sciemment de donn\u00e9es personnelles aupr\u00e8s d&#039;enfants de moins de 13 ans. Si vous pensez qu&#039;un enfant nous a transmis des donn\u00e9es, veuillez nous contacter imm\u00e9diatement.<\/p>\n\n\n\n<h2 class=\"wp-block-heading\">VIII. Transferts internationaux de donn\u00e9es<\/h2>\n\n\n\n<p>Vos donn\u00e9es peuvent \u00eatre transf\u00e9r\u00e9es et trait\u00e9es dans des pays autres que le v\u00f4tre, notamment aux \u00c9tats-Unis et en Estonie. Le cas \u00e9ch\u00e9ant, nous veillons \u00e0 ce que ces transferts soient conformes aux exigences l\u00e9gales et que des garanties ad\u00e9quates soient mises en place.<\/p>\n\n\n\n<h2 class=\"wp-block-heading\">IX. Protection de la vie priv\u00e9e des enfants<\/h2>\n\n\n\n<p>Notre site n&#039;est pas destin\u00e9 aux enfants de moins de 18 ans. Nous ne recueillons pas sciemment d&#039;informations aupr\u00e8s de mineurs. Si des donn\u00e9es sont soumises par un enfant, nous les supprimerons conform\u00e9ment \u00e0 la loi COPPA.<\/p>\n\n\n\n<h2 class=\"wp-block-heading\">X. Mises \u00e0 jour de la pr\u00e9sente politique<\/h2>\n\n\n\n<p>Nous pouvons \u00eatre amen\u00e9s \u00e0 modifier la pr\u00e9sente Politique de confidentialit\u00e9 p\u00e9riodiquement. Les modifications seront publi\u00e9es sur cette page avec la date de r\u00e9vision. En continuant \u00e0 utiliser notre site web apr\u00e8s la modification, vous acceptez ces modifications.<\/p>\n\n\n\n<h2 class=\"wp-block-heading\">XI. Contactez-nous<\/h2>\n\n\n\n<p>Si vous avez des questions ou souhaitez exercer vos droits concernant vos donn\u00e9es, veuillez nous contacter \u00e0 l&#039;adresse suivante\u00a0:<br><a href=\"https:\/\/thenewsstacker.com\/fr\/contact\/\">https:\/\/thenewsstacker.com\/contact<\/a><\/p>","protected":false},"excerpt":{"rendered":"<p>Mise \u00e0 jour le 3 novembre 2025 Introduction et r\u00e9sum\u00e9 The News Stacker s&#039;engage \u00e0 prot\u00e9ger votre vie priv\u00e9e tout en vous proposant un journalisme de qualit\u00e9 et une s\u00e9lection de contenus sur l&#039;actualit\u00e9, les m\u00e9dias et les technologies. Notre site web officiel, https:\/\/thenewsstacker.com, est exploit\u00e9 par IansTech O\u00dc, une soci\u00e9t\u00e9 bas\u00e9e \u00e0 Tallinn, en Estonie. Cette politique de confidentialit\u00e9 explique comment nous collectons, utilisons, divulguons et prot\u00e9geons vos donn\u00e9es personnelles.<\/p>","protected":false},"author":17,"featured_media":0,"parent":0,"menu_order":0,"comment_status":"closed","ping_status":"closed","template":"","meta":{"footnotes":""},"yoast_head":"<!-- This site is optimized with the Yoast SEO plugin v23.3 - https:\/\/yoast.com\/wordpress\/plugins\/seo\/ -->\n<title>Privacy Policy - The News Stacker<\/title>\n<meta name=\"robots\" content=\"index, follow, max-snippet:-1, max-image-preview:large, max-video-preview:-1\" \/>\n<link rel=\"canonical\" href=\"https:\/\/thenewsstacker.com\/fr\/privacy\/\" \/>\n<meta property=\"og:locale\" content=\"fr_FR\" \/>\n<meta property=\"og:type\" content=\"article\" \/>\n<meta property=\"og:title\" content=\"Privacy Policy - The News Stacker\" \/>\n<meta property=\"og:description\" content=\"Updated on November 3, 2025 Introduction and Summary The News Stacker is committed to protecting your privacy while providing high-quality journalism and curated content about news, media, and technology. Our official website, https:\/\/thenewsstacker.com, is operated by IansTech O\u00dc, a company based in Tallinn, Estonia. This Privacy Policy explains how we collect, use, disclose, and safeguard [&hellip;]\" \/>\n<meta property=\"og:url\" content=\"https:\/\/thenewsstacker.com\/fr\/privacy\/\" \/>\n<meta property=\"og:site_name\" content=\"The News Stacker\" \/>\n<meta property=\"article:modified_time\" content=\"2025-11-10T18:35:43+00:00\" \/>\n<meta name=\"twitter:card\" content=\"summary_large_image\" \/>\n<meta name=\"twitter:label1\" content=\"Est. reading time\" \/>\n\t<meta name=\"twitter:data1\" content=\"5 minutes\" \/>\n<script type=\"application\/ld+json\" class=\"yoast-schema-graph\">{\"@context\":\"https:\/\/schema.org\",\"@graph\":[{\"@type\":\"WebPage\",\"@id\":\"https:\/\/thenewsstacker.com\/privacy\/\",\"url\":\"https:\/\/thenewsstacker.com\/privacy\/\",\"name\":\"Privacy Policy - The News Stacker\",\"isPartOf\":{\"@id\":\"https:\/\/thenewsstacker.com\/#website\"},\"datePublished\":\"2025-11-10T18:35:39+00:00\",\"dateModified\":\"2025-11-10T18:35:43+00:00\",\"breadcrumb\":{\"@id\":\"https:\/\/thenewsstacker.com\/privacy\/#breadcrumb\"},\"inLanguage\":\"fr-FR\",\"potentialAction\":[{\"@type\":\"ReadAction\",\"target\":[\"https:\/\/thenewsstacker.com\/privacy\/\"]}]},{\"@type\":\"BreadcrumbList\",\"@id\":\"https:\/\/thenewsstacker.com\/privacy\/#breadcrumb\",\"itemListElement\":[{\"@type\":\"ListItem\",\"position\":1,\"name\":\"Home\",\"item\":\"https:\/\/thenewsstacker.com\/\"},{\"@type\":\"ListItem\",\"position\":2,\"name\":\"Privacy Policy\"}]},{\"@type\":\"WebSite\",\"@id\":\"https:\/\/thenewsstacker.com\/#website\",\"url\":\"https:\/\/thenewsstacker.com\/\",\"name\":\"The News Stacker\",\"description\":\"\",\"publisher\":{\"@id\":\"https:\/\/thenewsstacker.com\/#organization\"},\"potentialAction\":[{\"@type\":\"SearchAction\",\"target\":{\"@type\":\"EntryPoint\",\"urlTemplate\":\"https:\/\/thenewsstacker.com\/?s={search_term_string}\"},\"query-input\":\"required name=search_term_string\"}],\"inLanguage\":\"fr-FR\"},{\"@type\":\"Organization\",\"@id\":\"https:\/\/thenewsstacker.com\/#organization\",\"name\":\"The News Stacker\",\"url\":\"https:\/\/thenewsstacker.com\/\",\"logo\":{\"@type\":\"ImageObject\",\"inLanguage\":\"fr-FR\",\"@id\":\"https:\/\/thenewsstacker.com\/#\/schema\/logo\/image\/\",\"url\":\"https:\/\/thenewsstacker.com\/wp-content\/uploads\/sites\/611\/2025\/11\/cropped-thenewsstacker.png\",\"contentUrl\":\"https:\/\/thenewsstacker.com\/wp-content\/uploads\/sites\/611\/2025\/11\/cropped-thenewsstacker.png\",\"width\":256,\"height\":256,\"caption\":\"The News Stacker\"},\"image\":{\"@id\":\"https:\/\/thenewsstacker.com\/#\/schema\/logo\/image\/\"}}]}<\/script>\n<!-- \/ Yoast SEO plugin. -->","yoast_head_json":{"title":"Privacy Policy - The News Stacker","robots":{"index":"index","follow":"follow","max-snippet":"max-snippet:-1","max-image-preview":"max-image-preview:large","max-video-preview":"max-video-preview:-1"},"canonical":"https:\/\/thenewsstacker.com\/fr\/privacy\/","og_locale":"fr_FR","og_type":"article","og_title":"Privacy Policy - The News Stacker","og_description":"Updated on November 3, 2025 Introduction and Summary The News Stacker is committed to protecting your privacy while providing high-quality journalism and curated content about news, media, and technology. Our official website, https:\/\/thenewsstacker.com, is operated by IansTech O\u00dc, a company based in Tallinn, Estonia. This Privacy Policy explains how we collect, use, disclose, and safeguard [&hellip;]","og_url":"https:\/\/thenewsstacker.com\/fr\/privacy\/","og_site_name":"The News Stacker","article_modified_time":"2025-11-10T18:35:43+00:00","twitter_card":"summary_large_image","twitter_misc":{"Est. reading time":"5 minutes"},"schema":{"@context":"https:\/\/schema.org","@graph":[{"@type":"WebPage","@id":"https:\/\/thenewsstacker.com\/privacy\/","url":"https:\/\/thenewsstacker.com\/privacy\/","name":"Privacy Policy - The News Stacker","isPartOf":{"@id":"https:\/\/thenewsstacker.com\/#website"},"datePublished":"2025-11-10T18:35:39+00:00","dateModified":"2025-11-10T18:35:43+00:00","breadcrumb":{"@id":"https:\/\/thenewsstacker.com\/privacy\/#breadcrumb"},"inLanguage":"fr-FR","potentialAction":[{"@type":"ReadAction","target":["https:\/\/thenewsstacker.com\/privacy\/"]}]},{"@type":"BreadcrumbList","@id":"https:\/\/thenewsstacker.com\/privacy\/#breadcrumb","itemListElement":[{"@type":"ListItem","position":1,"name":"Home","item":"https:\/\/thenewsstacker.com\/"},{"@type":"ListItem","position":2,"name":"Privacy Policy"}]},{"@type":"WebSite","@id":"https:\/\/thenewsstacker.com\/#website","url":"https:\/\/thenewsstacker.com\/","name":"The News Stacker","description":"","publisher":{"@id":"https:\/\/thenewsstacker.com\/#organization"},"potentialAction":[{"@type":"SearchAction","target":{"@type":"EntryPoint","urlTemplate":"https:\/\/thenewsstacker.com\/?s={search_term_string}"},"query-input":"required name=search_term_string"}],"inLanguage":"fr-FR"},{"@type":"Organization","@id":"https:\/\/thenewsstacker.com\/#organization","name":"The News Stacker","url":"https:\/\/thenewsstacker.com\/","logo":{"@type":"ImageObject","inLanguage":"fr-FR","@id":"https:\/\/thenewsstacker.com\/#\/schema\/logo\/image\/","url":"https:\/\/thenewsstacker.com\/wp-content\/uploads\/sites\/611\/2025\/11\/cropped-thenewsstacker.png","contentUrl":"https:\/\/thenewsstacker.com\/wp-content\/uploads\/sites\/611\/2025\/11\/cropped-thenewsstacker.png","width":256,"height":256,"caption":"The News Stacker"},"image":{"@id":"https:\/\/thenewsstacker.com\/#\/schema\/logo\/image\/"}}]}},"_links":{"self":[{"href":"https:\/\/thenewsstacker.com\/fr\/wp-json\/wp\/v2\/pages\/37"}],"collection":[{"href":"https:\/\/thenewsstacker.com\/fr\/wp-json\/wp\/v2\/pages"}],"about":[{"href":"https:\/\/thenewsstacker.com\/fr\/wp-json\/wp\/v2\/types\/page"}],"author":[{"embeddable":true,"href":"https:\/\/thenewsstacker.com\/fr\/wp-json\/wp\/v2\/users\/17"}],"replies":[{"embeddable":true,"href":"https:\/\/thenewsstacker.com\/fr\/wp-json\/wp\/v2\/comments?post=37"}],"version-history":[{"count":2,"href":"https:\/\/thenewsstacker.com\/fr\/wp-json\/wp\/v2\/pages\/37\/revisions"}],"predecessor-version":[{"id":273,"href":"https:\/\/thenewsstacker.com\/fr\/wp-json\/wp\/v2\/pages\/37\/revisions\/273"}],"wp:attachment":[{"href":"https:\/\/thenewsstacker.com\/fr\/wp-json\/wp\/v2\/media?parent=37"}],"curies":[{"name":"wp","href":"https:\/\/api.w.org\/{rel}","templated":true}]}}