    {"id":128,"date":"2025-11-06T12:28:38","date_gmt":"2025-11-06T12:28:38","guid":{"rendered":"https:\/\/thenewsstacker.com\/?page_id=128"},"modified":"2025-11-10T18:36:01","modified_gmt":"2025-11-10T18:36:01","slug":"terms","status":"publish","type":"page","link":"https:\/\/thenewsstacker.com\/tr\/terms\/","title":{"rendered":"Kullan\u0131m \u015eartlar\u0131"},"content":{"rendered":"<p><em>Son G\u00fcncelleme: 3 Kas\u0131m 2025<\/em><\/p>\n\n\n\n<p>Ho\u015f geldiniz <strong>Haber Y\u0131\u011f\u0131nlay\u0131c\u0131s\u0131<\/strong> (<a href=\"https:\/\/thenewsstacker.com\/tr\/\">https:\/\/thenewsstacker.com<\/a>), taraf\u0131ndan i\u015fletilen k\u00fcresel bir teknoloji ve dijital medya yay\u0131n\u0131d\u0131r. <strong>IansTech O\u00dc<\/strong>, merkezi <strong>Tallinn, Estonya<\/strong>.<br>Konuya odaklanan d\u00fczenlenmi\u015f makaleler, haberler, incelemeler ve analizler yay\u0131nl\u0131yoruz. <strong>teknoloji, mobil uygulamalar, dijital inovasyon, yapay zeka ve ilgili trendler<\/strong>.<\/p>\n\n\n\n<p>Bunlar <strong>Kullan\u0131m \u015eartlar\u0131<\/strong> (\u201c\u015eartlar\u201d) web sitemize eri\u015fiminizi ve bunlar\u0131 kullan\u0131m\u0131n\u0131z\u0131 ve web sitemiz taraf\u0131ndan sunulan t\u00fcm i\u00e7erikleri, \u00f6zellikleri veya hizmetleri y\u00f6netir. <em>Haber Y\u0131\u011f\u0131nlay\u0131c\u0131s\u0131<\/em>.<br>Bu web sitesine eri\u015ferek veya bu web sitesini kullanarak, bu \u015eartlara ve bizim taraf\u0131m\u0131zdan sa\u011flanan bilgilere ba\u011fl\u0131 kalmay\u0131 kabul etmi\u015f olursunuz. <a>Gizlilik Politikas\u0131<\/a>E\u011fer kabul etmiyorsan\u0131z, kullan\u0131m\u0131 derhal durdurmal\u0131s\u0131n\u0131z.<\/p>\n\n\n\n<p>Bu belge boyunca, <strong>&quot;biz&quot;, &quot;bize&quot;<\/strong> Ve <strong>&quot;bizim&quot;<\/strong> ba\u015fvurmak <em>Haber Y\u0131\u011f\u0131nlay\u0131c\u0131s\u0131<\/em> Ve <strong>IansTech O\u00dc<\/strong>, s\u0131ras\u0131nda <strong>&quot;Sen&quot;<\/strong> Platformumuzla etkile\u015fime giren herhangi bir ziyaret\u00e7i, okuyucu veya kullan\u0131c\u0131y\u0131 ifade eder.<\/p>\n\n\n\n<hr class=\"wp-block-separator has-alpha-channel-opacity\" \/>\n\n\n\n<h2 class=\"wp-block-heading\"><strong>Madde I \u2013 Uygunluk ve Kabul<\/strong><\/h2>\n\n\n\n<p><strong>1.1<\/strong> Web sitemizi kullanarak, en az\u0131ndan <strong>18 ya\u015f\u0131nda<\/strong> (veya yarg\u0131 b\u00f6lgenizdeki re\u015fit olma ya\u015f\u0131na ula\u015fm\u0131\u015f) ve yasal olarak ba\u011flay\u0131c\u0131 anla\u015fmalar yapabilecek durumda olan.<\/p>\n\n\n\n<p><strong>1.2<\/strong> Siteye eri\u015fiminizin veya siteyle etkile\u015fiminizin devam etmesi, bu \u015eartlar ve Gizlilik Politikam\u0131z\u0131 tamamen kabul etti\u011finiz anlam\u0131na gelir.<\/p>\n\n\n\n<p><strong>1.3<\/strong> Bu \u015eartlar\u0131n herhangi bir k\u0131sm\u0131n\u0131 kabul etmiyorsan\u0131z veya uygunluk gerekliliklerini kar\u015f\u0131lam\u0131yorsan\u0131z, web sitesini kullanmay\u0131 b\u0131rakmal\u0131s\u0131n\u0131z.<\/p>\n\n\n\n<p><strong>1.4<\/strong> Bu \u015eartlar\u0131 veya y\u00fcr\u00fcrl\u00fckteki yasalar\u0131 ihlal eden kullan\u0131c\u0131lar\u0131n eri\u015fimini k\u0131s\u0131tlama veya sonland\u0131rma hakk\u0131m\u0131z\u0131 sakl\u0131 tutuyoruz.<\/p>\n\n\n\n<hr class=\"wp-block-separator has-alpha-channel-opacity\" \/>\n\n\n\n<h2 class=\"wp-block-heading\"><strong>Madde II \u2013 Ama\u00e7 ve Kapsam<\/strong><\/h2>\n\n\n\n<p><strong>2.1<\/strong> <em>Haber Y\u0131\u011f\u0131nlay\u0131c\u0131s\u0131<\/em> Teknoloji ve dijital ekonomi \u00fczerine i\u00e7erik sunan ba\u011f\u0131ms\u0131z bir yay\u0131n platformudur. Yay\u0131nlad\u0131\u011f\u0131m\u0131z materyaller <strong>yaln\u0131zca bilgilendirme ve e\u011fitim ama\u00e7l\u0131d\u0131r<\/strong>.<\/p>\n\n\n\n<p><strong>2.2<\/strong> Mesleki, finansal veya hukuki tavsiye vermiyoruz. Okuyucular, yay\u0131nlanan bilgilere g\u00fcvenirken ihtiyatl\u0131 davranmal\u0131d\u0131r.<\/p>\n\n\n\n<p><strong>2.3<\/strong> Editoryal do\u011frulu\u011fu ve alaka d\u00fczeyini korumak i\u00e7in makaleleri ve \u00f6zellikleri \u00f6nceden haber vermeksizin her an g\u00fcncelleyebilir, de\u011fi\u015ftirebilir veya kald\u0131rabiliriz.<\/p>\n\n\n\n<hr class=\"wp-block-separator has-alpha-channel-opacity\" \/>\n\n\n\n<h2 class=\"wp-block-heading\"><strong>Madde III \u2013 \u0130leti\u015fim ve \u0130leti\u015fim<\/strong><\/h2>\n\n\n\n<p><strong>3.1<\/strong> Edit\u00f6ryal veya idari ekibimizle \u015fu adresten ileti\u015fime ge\u00e7ebilirsiniz: <a href=\"https:\/\/thenewsstacker.com\/tr\/contact\/\">\u0130leti\u015fim Sayfas\u0131<\/a>.<\/p>\n\n\n\n<p><strong>3.2<\/strong> Soru, yorum veya geri bildirim g\u00f6ndererek, uygun durumlarda inceleme ve yan\u0131tlama hakk\u0131m\u0131z\u0131 bize vermi\u015f olursunuz. \u0130leti\u015fimler, Gizlilik Politikam\u0131za uygun olarak saklanabilir.<\/p>\n\n\n\n<p><strong>3.3<\/strong> K\u00fcf\u00fcrl\u00fc, iftira niteli\u011findeki veya spam i\u00e7erikli ileti\u015fimler g\u00f6rmezden gelinebilir, silinebilir veya ilgili makamlara bildirilebilir.<\/p>\n\n\n\n<hr class=\"wp-block-separator has-alpha-channel-opacity\" \/>\n\n\n\n<h2 class=\"wp-block-heading\"><strong>Madde IV \u2013 Kullan\u0131c\u0131 Sorumluluklar\u0131 ve Kabul Edilebilir Kullan\u0131m<\/strong><\/h2>\n\n\n\n<p><strong>4.1<\/strong> Bu web sitesini sorumlu bir \u015fekilde, yasalara uygun olarak ve ama\u00e7lanan amac\u0131 do\u011frultusunda kullanmay\u0131 kabul ediyorsunuz: teknoloji ve dijital inovasyonla ilgili haber, inceleme ve analiz i\u00e7eri\u011fine eri\u015fim.<\/p>\n\n\n\n<p><strong>4.2<\/strong> \u015eunlar\u0131 yapmamal\u0131s\u0131n\u0131z:<\/p>\n\n\n\n<ul>\n<li>Herhangi bir ge\u00e7erli yasay\u0131, y\u00f6netmeli\u011fi veya fikri m\u00fclkiyet hakk\u0131n\u0131 ihlal etmek;<\/li>\n\n\n\n<li>K\u00f6t\u00fc ama\u00e7l\u0131 kod, vir\u00fcs veya zararl\u0131 komut dosyalar\u0131 g\u00f6ndermeyin, iletmeyin veya y\u00fcklemeyin;<\/li>\n\n\n\n<li>Veri kaz\u0131ma, otomatik tarama veya i\u00e7erik toplama faaliyetlerinde bulunmak;<\/li>\n\n\n\n<li>Yan\u0131lt\u0131c\u0131, iftira niteli\u011finde veya sald\u0131rgan i\u00e7erik yay\u0131nlamay\u0131n;<\/li>\n\n\n\n<li>Ba\u015fka bir ki\u015fiyi taklit etmek veya ba\u011flant\u0131y\u0131 yanl\u0131\u015f tan\u0131tmak;<\/li>\n\n\n\n<li>Web sitesinin i\u015flevselli\u011fine m\u00fcdahale etmek veya onu bozmak;<\/li>\n\n\n\n<li>Siteyi r\u0131zan\u0131z olmadan spam, kimlik av\u0131 veya promosyon materyalleri g\u00f6ndermek i\u00e7in kullanmay\u0131n.<\/li>\n<\/ul>\n\n\n\n<p><strong>4.3<\/strong> Kullan\u0131c\u0131 taraf\u0131ndan olu\u015fturulan g\u00f6nderiler (\u00f6rne\u011fin yorumlar, geri bildirimler) kullan\u0131c\u0131n\u0131n sorumlulu\u011fundad\u0131r. Bu \u015eartlar&#039;\u0131 veya yay\u0131n y\u00f6nergelerimizi ihlal eden g\u00f6nderileri kald\u0131rabilir veya denetleyebiliriz.<\/p>\n\n\n\n<p><strong>4.4<\/strong> Bu kurallar\u0131n ihlali, eri\u015fimin kald\u0131r\u0131lmas\u0131, yasal i\u015flem yap\u0131lmas\u0131 ve gerekti\u011finde kolluk kuvvetleriyle i\u015fbirli\u011fi yap\u0131lmas\u0131yla sonu\u00e7lanabilir.<\/p>\n\n\n\n<hr class=\"wp-block-separator has-alpha-channel-opacity\" \/>\n\n\n\n<h2 class=\"wp-block-heading\"><strong>Madde V \u2013 Fikri M\u00fclkiyet Haklar\u0131<\/strong><\/h2>\n\n\n\n<p><strong>5.1<\/strong> T\u00fcm orijinal i\u00e7erikler \u015fu adreste yay\u0131nlanm\u0131\u015ft\u0131r: <em>Haber Y\u0131\u011f\u0131nlay\u0131c\u0131s\u0131<\/em>\u2014makaleler, metin, tasar\u0131m, grafikler, kod ve logolar dahil\u2014\u015funlara aittir: <strong>IansTech O\u00dc<\/strong> veya lisans verenleri ve korunan <strong>uluslararas\u0131 telif hakk\u0131 ve ticari marka yasalar\u0131<\/strong>.<\/p>\n\n\n\n<p><strong>5.2<\/strong> \u00d6nceden yaz\u0131l\u0131 iznimiz olmadan hi\u00e7bir i\u00e7eri\u011fi \u00e7o\u011faltamaz, yeniden yay\u0131nlayamaz, de\u011fi\u015ftiremez veya da\u011f\u0131tamazs\u0131n\u0131z.<\/p>\n\n\n\n<p><strong>5.3<\/strong> Makalelerimizin al\u0131nt\u0131lar\u0131n\u0131 veya ba\u011flant\u0131lar\u0131n\u0131 ticari olmayan ama\u00e7larla payla\u015fabilirsiniz, ancak uygun bir kaynak g\u00f6sterilmesi ve g\u00f6r\u00fcn\u00fcr bir k\u00f6pr\u00fc ba\u011flant\u0131s\u0131 sa\u011flanmas\u0131 kayd\u0131yla. <em>Haber Y\u0131\u011f\u0131nlay\u0131c\u0131s\u0131<\/em> dahildir.<\/p>\n\n\n\n<p><strong>5.4<\/strong> Materyallerimizin izinsiz ticari kullan\u0131m\u0131 veya yeniden yay\u0131nlanmas\u0131 fikri m\u00fclkiyet yasas\u0131n\u0131n ihlalini olu\u015fturur ve yasal i\u015flem ba\u015flat\u0131lmas\u0131na yol a\u00e7abilir.<\/p>\n\n\n\n<p><strong>5.5<\/strong> Sitemizde yer alan \u00fc\u00e7\u00fcnc\u00fc taraf ticari markalar\u0131, i\u00e7erik veya medya ilgili sahiplerinin m\u00fclkiyetinde kal\u0131r.<\/p>\n\n\n\n<hr class=\"wp-block-separator has-alpha-channel-opacity\" \/>\n\n\n\n<h2 class=\"wp-block-heading\"><strong>Madde VI \u2013 Harici Ba\u011flant\u0131lar ve \u00dc\u00e7\u00fcnc\u00fc Taraf \u0130\u00e7eri\u011fi<\/strong><\/h2>\n\n\n\n<p><strong>6.1<\/strong> Web sitemiz, \u00fc\u00e7\u00fcnc\u00fc taraf web sitelerine, hizmetlere veya reklamlara ba\u011flant\u0131lar i\u00e7erebilir. Bunlar yaln\u0131zca kolayl\u0131k ve bilgilendirme ama\u00e7l\u0131d\u0131r.<\/p>\n\n\n\n<p><strong>6.2<\/strong> \u00dc\u00e7\u00fcnc\u00fc taraf sitelerin i\u00e7eri\u011fini, do\u011frulu\u011funu veya politikalar\u0131n\u0131 kontrol etmiyoruz veya onaylam\u0131yoruz. Bu siteleri ziyaret etmek tamamen sizin sorumlulu\u011funuzdad\u0131r.<\/p>\n\n\n\n<p><strong>6.3<\/strong> Sitemizde referans verilen harici ba\u011flant\u0131lar veya hizmetlerle etkile\u015fimlerden kaynaklanan herhangi bir hasar, kay\u0131p veya zarardan sorumlu de\u011filiz.<\/p>\n\n\n\n<hr class=\"wp-block-separator has-alpha-channel-opacity\" \/>\n\n\n\n<h2 class=\"wp-block-heading\"><strong>Madde VII \u2013 Garantilerin Reddi<\/strong><\/h2>\n\n\n\n<p><strong>7.1<\/strong> T\u00fcm materyaller ve hizmetler <em>Haber Y\u0131\u011f\u0131nlay\u0131c\u0131s\u0131<\/em> sa\u011flan\u0131r <strong>&quot;oldu\u011fu gibi&quot;<\/strong> Ve <strong>&quot;mevcut oldu\u011fu s\u00fcrece&quot;<\/strong>, herhangi bir t\u00fcrde a\u00e7\u0131k veya z\u0131mni garanti olmaks\u0131z\u0131n.<\/p>\n\n\n\n<p><strong>7.2<\/strong> Sunulan bilgilerin kesintisiz eri\u015fimini, hatas\u0131zl\u0131\u011f\u0131n\u0131 veya do\u011frulu\u011funu garanti etmiyoruz.<\/p>\n\n\n\n<p><strong>7.3<\/strong> Haber Y\u0131\u011f\u0131nlay\u0131c\u0131 ve <strong>IansTech O\u00dc<\/strong> a\u015fa\u011f\u0131daki durumlarda sorumluluk kabul etmemektedir:<\/p>\n\n\n\n<ul>\n<li>Herhangi bir hata, eksiklik veya g\u00fcncel olmayan bilgi;<\/li>\n\n\n\n<li>Veri kayb\u0131 veya hizmet kesintileri;<\/li>\n\n\n\n<li>Herhangi bir g\u00f6r\u00fc\u015fe, beyana veya tavsiyeye dayan\u0131lmas\u0131;<\/li>\n\n\n\n<li>Yetkisiz eri\u015fim veya d\u0131\u015f taraflarca meydana gelen ihlaller.<\/li>\n<\/ul>\n\n\n\n<p><strong>7.4<\/strong> Web sitesini kullan\u0131m\u0131n\u0131z\u0131n tamamen kendi riskiniz alt\u0131nda oldu\u011funu kabul edersiniz.<\/p>\n\n\n\n<hr class=\"wp-block-separator has-alpha-channel-opacity\" \/>\n\n\n\n<h2 class=\"wp-block-heading\"><strong>Madde VIII \u2013 Sorumlulu\u011fun S\u0131n\u0131rland\u0131r\u0131lmas\u0131<\/strong><\/h2>\n\n\n\n<p><strong>8.1<\/strong> Yasan\u0131n izin verdi\u011fi azami \u00f6l\u00e7\u00fcde, <strong>IansTech O\u00dc<\/strong>, ba\u011fl\u0131 kurulu\u015flar\u0131 ve \u00e7al\u0131\u015fanlar\u0131, a\u015fa\u011f\u0131dakilerden kaynaklanan do\u011frudan, dolayl\u0131, tesad\u00fcfi veya sonu\u00e7sal zararlardan sorumlu tutulamaz:<\/p>\n\n\n\n<ul>\n<li>Web sitesinin veya i\u00e7eri\u011finin kullan\u0131lmas\u0131 veya kullan\u0131lamamas\u0131;<\/li>\n\n\n\n<li>Hatalar veya yanl\u0131\u015fl\u0131klar;<\/li>\n\n\n\n<li>Yetkisiz eri\u015fim veya veri kayb\u0131;<\/li>\n\n\n\n<li>Sitenin i\u00e7eri\u011fine dayanarak verilen her t\u00fcrl\u00fc karar.<\/li>\n<\/ul>\n\n\n\n<p><strong>8.2<\/strong> Baz\u0131 yarg\u0131 b\u00f6lgeleri, dolayl\u0131 zararlar i\u00e7in sorumlulu\u011fun hari\u00e7 tutulmas\u0131na izin vermemektedir. Bu gibi durumlarda, sorumlulu\u011fumuz y\u00fcr\u00fcrl\u00fckteki yasalar\u0131n izin verdi\u011fi azami \u00f6l\u00e7\u00fcde s\u0131n\u0131rl\u0131 olacakt\u0131r.<\/p>\n\n\n\n<hr class=\"wp-block-separator has-alpha-channel-opacity\" \/>\n\n\n\n<h2 class=\"wp-block-heading\"><strong>Madde IX \u2013 Edit\u00f6ryal Standartlar ve Ba\u011fl\u0131 Kurulu\u015f A\u00e7\u0131klamas\u0131<\/strong><\/h2>\n\n\n\n<p><strong>9.1<\/strong> <em>Haber Y\u0131\u011f\u0131nlay\u0131c\u0131s\u0131<\/em> S\u0131k\u0131 editoryal ba\u011f\u0131ms\u0131zl\u0131\u011f\u0131n\u0131 korur. T\u00fcm makaleler ve analizler, olgusal ara\u015ft\u0131rmalara ve adil habercilik ilkelerine dayanarak yaz\u0131l\u0131r.<\/p>\n\n\n\n<p><strong>9.2<\/strong> Dahil edebiliriz <strong>ba\u011fl\u0131 kurulu\u015f ba\u011flant\u0131lar\u0131<\/strong>, sponsorlu bahisler veya ortakl\u0131k materyalleri. Bunlar operasyonlar\u0131m\u0131z\u0131 desteklemeye yard\u0131mc\u0131 olur, ancak <strong>editoryal kararlar\u0131 etkilemeyin<\/strong>.<\/p>\n\n\n\n<p><strong>9.3<\/strong> Ortakl\u0131k ba\u011flant\u0131s\u0131na t\u0131klaman\u0131z, size hi\u00e7bir ek maliyet getirmeden bizim i\u00e7in k\u00fc\u00e7\u00fck bir komisyon kazanman\u0131z\u0131 sa\u011flayabilir.<\/p>\n\n\n\n<p><strong>9.4<\/strong> Biz uyuyoruz <strong>FTC a\u00e7\u0131klama y\u00f6nergeleri<\/strong>, <strong>AB Dijital Hizmetler Yasas\u0131<\/strong>ve sponsorlu i\u00e7erikle ilgili di\u011fer \u015feffafl\u0131k standartlar\u0131.<\/p>\n\n\n\n<hr class=\"wp-block-separator has-alpha-channel-opacity\" \/>\n\n\n\n<h2 class=\"wp-block-heading\"><strong>Madde X \u2013 S\u00fcre, G\u00fcncellemeler ve De\u011fi\u015fiklikler<\/strong><\/h2>\n\n\n\n<p><strong>10.1<\/strong> Bu \u015eartlar, yeni bir versiyonla g\u00fcncellenene veya de\u011fi\u015ftirilene kadar y\u00fcr\u00fcrl\u00fckte kalacakt\u0131r.<\/p>\n\n\n\n<p><strong>10.2<\/strong> Web sitesinin veya bu \u015eartlar\u0131n herhangi bir b\u00f6l\u00fcm\u00fcn\u00fc herhangi bir zamanda \u00f6nceden bildirimde bulunmaks\u0131z\u0131n de\u011fi\u015ftirebilir veya durdurabiliriz.<\/p>\n\n\n\n<p><strong>10.3<\/strong> G\u00fcncellenen revizyon tarihi, ge\u00e7erli s\u00fcr\u00fcm\u00fc belirtecektir. Bu g\u00fcncellemelerden sonra sitenin kullan\u0131lmaya devam edilmesi, yeni \u015eartlar&#039;\u0131n kabul edildi\u011fi anlam\u0131na gelir.<\/p>\n\n\n\n<hr class=\"wp-block-separator has-alpha-channel-opacity\" \/>\n\n\n\n<h2 class=\"wp-block-heading\"><strong>Madde XI \u2013 Ge\u00e7erli Hukuk ve Yarg\u0131 Yetkisi<\/strong><\/h2>\n\n\n\n<p><strong>11.1<\/strong> Bu \u015eartlar a\u015fa\u011f\u0131daki yasalara tabidir: <strong>Estonya<\/strong> ve, uygun oldu\u011fu durumlarda, <strong>ABD eyalet ve federal veri ve t\u00fcketici koruma yasalar\u0131<\/strong> (i\u00e7ermek <strong>CCPA<\/strong>, <strong>CPRA<\/strong>, Ve <strong>FTC<\/strong> (standartlar).<\/p>\n\n\n\n<p><strong>11.2<\/strong> Bu web sitesinin kullan\u0131m\u0131ndan do\u011fabilecek her t\u00fcrl\u00fc uyu\u015fmazl\u0131k, a\u015fa\u011f\u0131daki yarg\u0131 yetkisine tabi olacakt\u0131r: <strong>Estonya mahkemeleri<\/strong>Kullan\u0131c\u0131n\u0131n yarg\u0131 yetkisindeki ge\u00e7erli yasa taraf\u0131ndan aksi belirtilmedi\u011fi s\u00fcrece.<\/p>\n\n\n\n<p><strong>11.3<\/strong> Hukuki uyu\u015fmazl\u0131k halinde, izin verilen en geni\u015f \u00f6l\u00e7\u00fcde Estonya hukuku ge\u00e7erli olacakt\u0131r.<\/p>\n\n\n\n<hr class=\"wp-block-separator has-alpha-channel-opacity\" \/>\n\n\n\n<h2 class=\"wp-block-heading\"><strong>Madde XII \u2013 Tazminat<\/strong><\/h2>\n\n\n\n<p>Savunmay\u0131, tazmin etmeyi ve zarars\u0131z tutmay\u0131 kabul edersiniz <strong>IansTech O\u00dc<\/strong>, ba\u011fl\u0131 kurulu\u015flar\u0131, \u00e7al\u0131\u015fanlar\u0131 ve temsilcilerini a\u015fa\u011f\u0131dakilerden kaynaklanan her t\u00fcrl\u00fc talep, y\u00fck\u00fcml\u00fcl\u00fck, zarar veya masraftan muaf tutacakt\u0131r:<\/p>\n\n\n\n<ul>\n<li>Bu \u015eartlar\u0131n ihlali;<\/li>\n\n\n\n<li>Web sitesinin veya i\u00e7eri\u011finin k\u00f6t\u00fcye kullan\u0131lmas\u0131; veya<\/li>\n\n\n\n<li>\u00dc\u00e7\u00fcnc\u00fc \u015fah\u0131slar\u0131n haklar\u0131n\u0131n ihlali.<\/li>\n<\/ul>\n\n\n\n<hr class=\"wp-block-separator has-alpha-channel-opacity\" \/>\n\n\n\n<h2 class=\"wp-block-heading\"><strong>Madde XIII \u2013 B\u00f6l\u00fcnebilirlik ve Feragat<\/strong><\/h2>\n\n\n\n<p><strong>13.1<\/strong> Bu \u015eartlar\u0131n herhangi bir h\u00fckm\u00fcn\u00fcn ge\u00e7ersiz veya uygulanamaz oldu\u011fu kabul edilirse, kalan h\u00fck\u00fcmler y\u00fcr\u00fcrl\u00fckte kalacakt\u0131r.<\/p>\n\n\n\n<p><strong>13.2<\/strong> Ba\u015far\u0131s\u0131zl\u0131k taraf\u0131ndan <em>Haber Y\u0131\u011f\u0131nlay\u0131c\u0131s\u0131<\/em> Herhangi bir hakk\u0131 veya h\u00fckm\u00fc uygulamaya koymak, s\u00f6z konusu haktan feragat edildi\u011fi anlam\u0131na gelmez.<\/p>\n\n\n\n<hr class=\"wp-block-separator has-alpha-channel-opacity\" \/>\n\n\n\n<h2 class=\"wp-block-heading\"><strong>Madde XIV \u2013 T\u00fcm Anla\u015fma<\/strong><\/h2>\n\n\n\n<p>Bu \u015eartlar, bizimle birlikte <a>Gizlilik Politikas\u0131<\/a>, sizinle aran\u0131zdaki t\u00fcm s\u00f6zle\u015fmeyi olu\u015fturur <strong>IansTech O\u00dc<\/strong> kullan\u0131m\u0131n\u0131zla ilgili olarak <em>Haber Y\u0131\u011f\u0131nlay\u0131c\u0131s\u0131<\/em> ve \u00f6nceki t\u00fcm anla\u015fmalar\u0131n veya beyanlar\u0131n yerini al\u0131r.<\/p>\n\n\n\n<hr class=\"wp-block-separator has-alpha-channel-opacity\" \/>\n\n\n\n<h2 class=\"wp-block-heading\"><strong>Madde XV \u2013 \u0130leti\u015fim Bilgileri<\/strong><\/h2>\n\n\n\n<p>Bu \u015eartlar ile ilgili herhangi bir soru, bildirim veya yasal yaz\u0131\u015fma i\u00e7in l\u00fctfen bizimle \u015fu adresten ileti\u015fime ge\u00e7in: <a href=\"https:\/\/thenewsstacker.com\/tr\/contact\/\">https:\/\/thenewsstacker.com\/contact<\/a><\/p>","protected":false},"excerpt":{"rendered":"<p>Last Updated: November 3, 2025 Welcome to The News Stacker (https:\/\/thenewsstacker.com), a global technology and digital media publication operated by IansTech O\u00dc, headquartered in Tallinn, Estonia.We publish curated articles, news, reviews, and analyses focused on technology, mobile applications, digital innovation, artificial intelligence, and related trends. These Terms of Use (\u201cTerms\u201d) govern your access to and [&hellip;]<\/p>","protected":false},"author":17,"featured_media":0,"parent":0,"menu_order":0,"comment_status":"closed","ping_status":"closed","template":"","meta":{"footnotes":""},"yoast_head":"<!-- This site is optimized with the Yoast SEO plugin v23.3 - https:\/\/yoast.com\/wordpress\/plugins\/seo\/ -->\n<title>Terms of Use - The News Stacker<\/title>\n<meta name=\"robots\" content=\"index, follow, max-snippet:-1, max-image-preview:large, max-video-preview:-1\" \/>\n<link rel=\"canonical\" href=\"https:\/\/thenewsstacker.com\/tr\/terms\/\" \/>\n<meta property=\"og:locale\" content=\"tr_TR\" \/>\n<meta property=\"og:type\" content=\"article\" \/>\n<meta property=\"og:title\" content=\"Terms of Use - The News Stacker\" \/>\n<meta property=\"og:description\" content=\"Last Updated: November 3, 2025 Welcome to The News Stacker (https:\/\/thenewsstacker.com), a global technology and digital media publication operated by IansTech O\u00dc, headquartered in Tallinn, Estonia.We publish curated articles, news, reviews, and analyses focused on technology, mobile applications, digital innovation, artificial intelligence, and related trends. These Terms of Use (\u201cTerms\u201d) govern your access to and [&hellip;]\" \/>\n<meta property=\"og:url\" content=\"https:\/\/thenewsstacker.com\/tr\/terms\/\" \/>\n<meta property=\"og:site_name\" content=\"The News Stacker\" \/>\n<meta property=\"article:modified_time\" content=\"2025-11-10T18:36:01+00:00\" \/>\n<meta name=\"twitter:card\" content=\"summary_large_image\" \/>\n<meta name=\"twitter:label1\" content=\"Est. reading time\" \/>\n\t<meta name=\"twitter:data1\" content=\"6 dakika\" \/>\n<script type=\"application\/ld+json\" class=\"yoast-schema-graph\">{\"@context\":\"https:\/\/schema.org\",\"@graph\":[{\"@type\":\"WebPage\",\"@id\":\"https:\/\/thenewsstacker.com\/terms\/\",\"url\":\"https:\/\/thenewsstacker.com\/terms\/\",\"name\":\"Terms of Use - The News Stacker\",\"isPartOf\":{\"@id\":\"https:\/\/thenewsstacker.com\/#website\"},\"datePublished\":\"2025-11-06T12:28:38+00:00\",\"dateModified\":\"2025-11-10T18:36:01+00:00\",\"breadcrumb\":{\"@id\":\"https:\/\/thenewsstacker.com\/terms\/#breadcrumb\"},\"inLanguage\":\"tr\",\"potentialAction\":[{\"@type\":\"ReadAction\",\"target\":[\"https:\/\/thenewsstacker.com\/terms\/\"]}]},{\"@type\":\"BreadcrumbList\",\"@id\":\"https:\/\/thenewsstacker.com\/terms\/#breadcrumb\",\"itemListElement\":[{\"@type\":\"ListItem\",\"position\":1,\"name\":\"Home\",\"item\":\"https:\/\/thenewsstacker.com\/\"},{\"@type\":\"ListItem\",\"position\":2,\"name\":\"Terms of Use\"}]},{\"@type\":\"WebSite\",\"@id\":\"https:\/\/thenewsstacker.com\/#website\",\"url\":\"https:\/\/thenewsstacker.com\/\",\"name\":\"The News Stacker\",\"description\":\"\",\"publisher\":{\"@id\":\"https:\/\/thenewsstacker.com\/#organization\"},\"potentialAction\":[{\"@type\":\"SearchAction\",\"target\":{\"@type\":\"EntryPoint\",\"urlTemplate\":\"https:\/\/thenewsstacker.com\/?s={search_term_string}\"},\"query-input\":\"required name=search_term_string\"}],\"inLanguage\":\"tr\"},{\"@type\":\"Organization\",\"@id\":\"https:\/\/thenewsstacker.com\/#organization\",\"name\":\"The News Stacker\",\"url\":\"https:\/\/thenewsstacker.com\/\",\"logo\":{\"@type\":\"ImageObject\",\"inLanguage\":\"tr\",\"@id\":\"https:\/\/thenewsstacker.com\/#\/schema\/logo\/image\/\",\"url\":\"https:\/\/thenewsstacker.com\/wp-content\/uploads\/sites\/611\/2025\/11\/cropped-thenewsstacker.png\",\"contentUrl\":\"https:\/\/thenewsstacker.com\/wp-content\/uploads\/sites\/611\/2025\/11\/cropped-thenewsstacker.png\",\"width\":256,\"height\":256,\"caption\":\"The News Stacker\"},\"image\":{\"@id\":\"https:\/\/thenewsstacker.com\/#\/schema\/logo\/image\/\"}}]}<\/script>\n<!-- \/ Yoast SEO plugin. -->","yoast_head_json":{"title":"Terms of Use - The News Stacker","robots":{"index":"index","follow":"follow","max-snippet":"max-snippet:-1","max-image-preview":"max-image-preview:large","max-video-preview":"max-video-preview:-1"},"canonical":"https:\/\/thenewsstacker.com\/tr\/terms\/","og_locale":"tr_TR","og_type":"article","og_title":"Terms of Use - The News Stacker","og_description":"Last Updated: November 3, 2025 Welcome to The News Stacker (https:\/\/thenewsstacker.com), a global technology and digital media publication operated by IansTech O\u00dc, headquartered in Tallinn, Estonia.We publish curated articles, news, reviews, and analyses focused on technology, mobile applications, digital innovation, artificial intelligence, and related trends. These Terms of Use (\u201cTerms\u201d) govern your access to and [&hellip;]","og_url":"https:\/\/thenewsstacker.com\/tr\/terms\/","og_site_name":"The News Stacker","article_modified_time":"2025-11-10T18:36:01+00:00","twitter_card":"summary_large_image","twitter_misc":{"Est. reading time":"6 dakika"},"schema":{"@context":"https:\/\/schema.org","@graph":[{"@type":"WebPage","@id":"https:\/\/thenewsstacker.com\/terms\/","url":"https:\/\/thenewsstacker.com\/terms\/","name":"Terms of Use - The News Stacker","isPartOf":{"@id":"https:\/\/thenewsstacker.com\/#website"},"datePublished":"2025-11-06T12:28:38+00:00","dateModified":"2025-11-10T18:36:01+00:00","breadcrumb":{"@id":"https:\/\/thenewsstacker.com\/terms\/#breadcrumb"},"inLanguage":"tr","potentialAction":[{"@type":"ReadAction","target":["https:\/\/thenewsstacker.com\/terms\/"]}]},{"@type":"BreadcrumbList","@id":"https:\/\/thenewsstacker.com\/terms\/#breadcrumb","itemListElement":[{"@type":"ListItem","position":1,"name":"Home","item":"https:\/\/thenewsstacker.com\/"},{"@type":"ListItem","position":2,"name":"Terms of Use"}]},{"@type":"WebSite","@id":"https:\/\/thenewsstacker.com\/#website","url":"https:\/\/thenewsstacker.com\/","name":"The News Stacker","description":"","publisher":{"@id":"https:\/\/thenewsstacker.com\/#organization"},"potentialAction":[{"@type":"SearchAction","target":{"@type":"EntryPoint","urlTemplate":"https:\/\/thenewsstacker.com\/?s={search_term_string}"},"query-input":"required name=search_term_string"}],"inLanguage":"tr"},{"@type":"Organization","@id":"https:\/\/thenewsstacker.com\/#organization","name":"The News Stacker","url":"https:\/\/thenewsstacker.com\/","logo":{"@type":"ImageObject","inLanguage":"tr","@id":"https:\/\/thenewsstacker.com\/#\/schema\/logo\/image\/","url":"https:\/\/thenewsstacker.com\/wp-content\/uploads\/sites\/611\/2025\/11\/cropped-thenewsstacker.png","contentUrl":"https:\/\/thenewsstacker.com\/wp-content\/uploads\/sites\/611\/2025\/11\/cropped-thenewsstacker.png","width":256,"height":256,"caption":"The News Stacker"},"image":{"@id":"https:\/\/thenewsstacker.com\/#\/schema\/logo\/image\/"}}]}},"_links":{"self":[{"href":"https:\/\/thenewsstacker.com\/tr\/wp-json\/wp\/v2\/pages\/128"}],"collection":[{"href":"https:\/\/thenewsstacker.com\/tr\/wp-json\/wp\/v2\/pages"}],"about":[{"href":"https:\/\/thenewsstacker.com\/tr\/wp-json\/wp\/v2\/types\/page"}],"author":[{"embeddable":true,"href":"https:\/\/thenewsstacker.com\/tr\/wp-json\/wp\/v2\/users\/17"}],"replies":[{"embeddable":true,"href":"https:\/\/thenewsstacker.com\/tr\/wp-json\/wp\/v2\/comments?post=128"}],"version-history":[{"count":2,"href":"https:\/\/thenewsstacker.com\/tr\/wp-json\/wp\/v2\/pages\/128\/revisions"}],"predecessor-version":[{"id":274,"href":"https:\/\/thenewsstacker.com\/tr\/wp-json\/wp\/v2\/pages\/128\/revisions\/274"}],"wp:attachment":[{"href":"https:\/\/thenewsstacker.com\/tr\/wp-json\/wp\/v2\/media?parent=128"}],"curies":[{"name":"wp","href":"https:\/\/api.w.org\/{rel}","templated":true}]}}