    {"id":132,"date":"2025-11-06T12:38:59","date_gmt":"2025-11-06T12:38:59","guid":{"rendered":"https:\/\/thenewsstacker.com\/?page_id=132"},"modified":"2025-11-10T18:37:54","modified_gmt":"2025-11-10T18:37:54","slug":"about","status":"publish","type":"page","link":"https:\/\/thenewsstacker.com\/tr\/about\/","title":{"rendered":"Hakk\u0131m\u0131zda"},"content":{"rendered":"<p><strong>The News Stacker&#039;a ho\u015f geldiniz!<\/strong><\/p>\n\n\n\n<p>\u015eu anda <strong>Haber Y\u0131\u011f\u0131nlay\u0131c\u0131s\u0131<\/strong>Teknolojinin insanlar\u0131n d\u00fc\u015f\u00fcnme, \u00e7al\u0131\u015fma ve ba\u011flant\u0131 kurma bi\u00e7imlerini \u015fekillendirdi\u011fine inan\u0131yoruz ve bunu anlaman\u0131n basit, i\u00e7g\u00f6r\u00fc dolu ve ilham verici olmas\u0131 gerekti\u011fine inan\u0131yoruz.<br>Misyonumuz, okuyucular\u0131n s\u00fcrekli geli\u015fen teknoloji, inovasyon ve dijital k\u00fclt\u00fcr d\u00fcnyas\u0131nda netlik, do\u011fruluk ve g\u00fcvenle gezinmelerine yard\u0131mc\u0131 olmakt\u0131r.<\/p>\n\n\n\n<p>Yay\u0131n\u0131m\u0131z yapay zeka, yaz\u0131l\u0131m, uygulamalar, geli\u015fen teknoloji, \u00fcretkenlik ara\u00e7lar\u0131 ve \u00e7evrimi\u00e7i trendler gibi konularda derinlemesine analizler, haber kapsam\u0131 ve ak\u0131ll\u0131 i\u00e7g\u00f6r\u00fcler sunmaktad\u0131r.<br>\u0130ster son yenilikleri merak eden s\u0131radan bir okuyucu olun, ister sekt\u00f6rdeki de\u011fi\u015fimleri takip eden bir teknoloji merakl\u0131s\u0131 olun, i\u00e7eriklerimiz dijital ya\u015fam\u0131n\u0131z\u0131 bilgilendirmek ve g\u00fc\u00e7lendirmek i\u00e7in tasarlanm\u0131\u015ft\u0131r.<\/p>\n\n\n\n<hr class=\"wp-block-separator has-alpha-channel-opacity\" \/>\n\n\n\n<h2 class=\"wp-block-heading\"><strong>Misyonumuz<\/strong><\/h2>\n\n\n\n<p><strong>Haber Y\u0131\u011f\u0131nlay\u0131c\u0131s\u0131<\/strong> teknoloji gazetecili\u011fini eri\u015filebilir, g\u00fcvenilir ve \u015feffaf k\u0131lmak amac\u0131yla olu\u015fturuldu.<br>\u00dcr\u00fcn incelemelerinden, ayr\u0131nt\u0131l\u0131 \u00f6zelliklere, \u00f6zenle se\u00e7ilmi\u015f teknoloji listelerinden, yapay zeka a\u00e7\u0131klamalar\u0131na ve gizlilik fark\u0131ndal\u0131\u011f\u0131 makalelerine kadar amac\u0131m\u0131z okuyuculara kafa kar\u0131\u015f\u0131kl\u0131\u011f\u0131 de\u011fil, ba\u011flam sa\u011flamakt\u0131r.<\/p>\n\n\n\n<p>Teknoloji medyas\u0131n\u0131n g\u00fcr\u00fclt\u00fcy\u00fc kesmesi gerekti\u011fine inan\u0131yoruz: jargon yok, \u00f6nyarg\u0131 yok, abart\u0131 yok; sadece insanlar\u0131n daha iyi dijital kararlar almas\u0131na yard\u0131mc\u0131 olacak anlaml\u0131 haberler ve faydal\u0131 bilgiler.<\/p>\n\n\n\n<p><strong>Haber Y\u0131\u011f\u0131nlay\u0131c\u0131s\u0131<\/strong> ba\u011f\u0131ms\u0131z, bilgilendirici bir platform olarak faaliyet g\u00f6stermektedir.<br>\u00dcr\u00fcn satm\u0131yoruz, \u00fccretli yerle\u015fimler sunmuyoruz veya reklam verenlerin editoryal etkisine izin vermiyoruz.<br>T\u00fcm g\u00f6r\u00fc\u015fler, incelemeler ve \u00f6neriler, editoryal ba\u011f\u0131ms\u0131zl\u0131\u011f\u0131 ve okuyucu g\u00fcvenini sa\u011flamak amac\u0131yla d\u00fcr\u00fcstl\u00fckle yaz\u0131lm\u0131\u015ft\u0131r.<\/p>\n\n\n\n<hr class=\"wp-block-separator has-alpha-channel-opacity\" \/>\n\n\n\n<h2 class=\"wp-block-heading\"><strong>Bize kat\u0131l\u0131n<\/strong><\/h2>\n\n\n\n<p>Geni\u015fleyen makale k\u00fct\u00fcphanemizi ke\u015ffedin, teknoloji ve inovasyondaki son geli\u015fmelerden haberdar olun ve giderek dijitalle\u015fen bir d\u00fcnyada sizi bilgilendirecek i\u00e7g\u00f6r\u00fcleri ke\u015ffedin.<\/p>\n\n\n\n<p>Ziyaretiniz i\u00e7in te\u015fekk\u00fcr ederiz <strong>Haber Y\u0131\u011f\u0131nlay\u0131c\u0131s\u0131<\/strong> \u2014 burada oldu\u011funuz i\u00e7in mutluyuz.<\/p>","protected":false},"excerpt":{"rendered":"<p>News Stacker&#039;a ho\u015f geldiniz! News Stacker&#039;da, teknolojinin insanlar\u0131n d\u00fc\u015f\u00fcnme, \u00e7al\u0131\u015fma ve ba\u011flant\u0131 kurma bi\u00e7imlerini \u015fekillendirdi\u011fine ve onu anlaman\u0131n basit, bilgilendirici ve ilham verici olmas\u0131 gerekti\u011fine inan\u0131yoruz. Misyonumuz, okuyucular\u0131m\u0131z\u0131n s\u00fcrekli geli\u015fen teknoloji, inovasyon ve dijital k\u00fclt\u00fcr d\u00fcnyas\u0131nda netlik, do\u011fruluk ve g\u00fcvenle yol almalar\u0131na yard\u0131mc\u0131 olmakt\u0131r. Yay\u0131n\u0131m\u0131z [\u2026]<\/p>","protected":false},"author":17,"featured_media":0,"parent":0,"menu_order":0,"comment_status":"closed","ping_status":"closed","template":"","meta":{"footnotes":""},"yoast_head":"<!-- This site is optimized with the Yoast SEO plugin v23.3 - https:\/\/yoast.com\/wordpress\/plugins\/seo\/ -->\n<title>About Us - The News Stacker<\/title>\n<meta name=\"robots\" content=\"index, follow, max-snippet:-1, max-image-preview:large, max-video-preview:-1\" \/>\n<link rel=\"canonical\" href=\"https:\/\/thenewsstacker.com\/tr\/about\/\" \/>\n<meta property=\"og:locale\" content=\"tr_TR\" \/>\n<meta property=\"og:type\" content=\"article\" \/>\n<meta property=\"og:title\" content=\"About Us - The News Stacker\" \/>\n<meta property=\"og:description\" content=\"Welcome to The News Stacker! At The News Stacker, we believe technology is shaping the way people think, work, and connect \u2014 and that understanding it should be simple, insightful, and inspiring.Our mission is to help readers navigate the ever-evolving world of technology, innovation, and digital culture with clarity, accuracy, and confidence. Our publication delivers [&hellip;]\" \/>\n<meta property=\"og:url\" content=\"https:\/\/thenewsstacker.com\/tr\/about\/\" \/>\n<meta property=\"og:site_name\" content=\"The News Stacker\" \/>\n<meta property=\"article:modified_time\" content=\"2025-11-10T18:37:54+00:00\" \/>\n<meta name=\"twitter:card\" content=\"summary_large_image\" \/>\n<meta name=\"twitter:label1\" content=\"Est. reading time\" \/>\n\t<meta name=\"twitter:data1\" content=\"2 dakika\" \/>\n<script type=\"application\/ld+json\" class=\"yoast-schema-graph\">{\"@context\":\"https:\/\/schema.org\",\"@graph\":[{\"@type\":\"WebPage\",\"@id\":\"https:\/\/thenewsstacker.com\/about\/\",\"url\":\"https:\/\/thenewsstacker.com\/about\/\",\"name\":\"About Us - The News Stacker\",\"isPartOf\":{\"@id\":\"https:\/\/thenewsstacker.com\/#website\"},\"datePublished\":\"2025-11-06T12:38:59+00:00\",\"dateModified\":\"2025-11-10T18:37:54+00:00\",\"breadcrumb\":{\"@id\":\"https:\/\/thenewsstacker.com\/about\/#breadcrumb\"},\"inLanguage\":\"tr\",\"potentialAction\":[{\"@type\":\"ReadAction\",\"target\":[\"https:\/\/thenewsstacker.com\/about\/\"]}]},{\"@type\":\"BreadcrumbList\",\"@id\":\"https:\/\/thenewsstacker.com\/about\/#breadcrumb\",\"itemListElement\":[{\"@type\":\"ListItem\",\"position\":1,\"name\":\"Home\",\"item\":\"https:\/\/thenewsstacker.com\/\"},{\"@type\":\"ListItem\",\"position\":2,\"name\":\"About Us\"}]},{\"@type\":\"WebSite\",\"@id\":\"https:\/\/thenewsstacker.com\/#website\",\"url\":\"https:\/\/thenewsstacker.com\/\",\"name\":\"The News Stacker\",\"description\":\"\",\"publisher\":{\"@id\":\"https:\/\/thenewsstacker.com\/#organization\"},\"potentialAction\":[{\"@type\":\"SearchAction\",\"target\":{\"@type\":\"EntryPoint\",\"urlTemplate\":\"https:\/\/thenewsstacker.com\/?s={search_term_string}\"},\"query-input\":\"required name=search_term_string\"}],\"inLanguage\":\"tr\"},{\"@type\":\"Organization\",\"@id\":\"https:\/\/thenewsstacker.com\/#organization\",\"name\":\"The News Stacker\",\"url\":\"https:\/\/thenewsstacker.com\/\",\"logo\":{\"@type\":\"ImageObject\",\"inLanguage\":\"tr\",\"@id\":\"https:\/\/thenewsstacker.com\/#\/schema\/logo\/image\/\",\"url\":\"https:\/\/thenewsstacker.com\/wp-content\/uploads\/sites\/611\/2025\/11\/cropped-thenewsstacker.png\",\"contentUrl\":\"https:\/\/thenewsstacker.com\/wp-content\/uploads\/sites\/611\/2025\/11\/cropped-thenewsstacker.png\",\"width\":256,\"height\":256,\"caption\":\"The News Stacker\"},\"image\":{\"@id\":\"https:\/\/thenewsstacker.com\/#\/schema\/logo\/image\/\"}}]}<\/script>\n<!-- \/ Yoast SEO plugin. -->","yoast_head_json":{"title":"About Us - The News Stacker","robots":{"index":"index","follow":"follow","max-snippet":"max-snippet:-1","max-image-preview":"max-image-preview:large","max-video-preview":"max-video-preview:-1"},"canonical":"https:\/\/thenewsstacker.com\/tr\/about\/","og_locale":"tr_TR","og_type":"article","og_title":"About Us - The News Stacker","og_description":"Welcome to The News Stacker! At The News Stacker, we believe technology is shaping the way people think, work, and connect \u2014 and that understanding it should be simple, insightful, and inspiring.Our mission is to help readers navigate the ever-evolving world of technology, innovation, and digital culture with clarity, accuracy, and confidence. Our publication delivers [&hellip;]","og_url":"https:\/\/thenewsstacker.com\/tr\/about\/","og_site_name":"The News Stacker","article_modified_time":"2025-11-10T18:37:54+00:00","twitter_card":"summary_large_image","twitter_misc":{"Est. reading time":"2 dakika"},"schema":{"@context":"https:\/\/schema.org","@graph":[{"@type":"WebPage","@id":"https:\/\/thenewsstacker.com\/about\/","url":"https:\/\/thenewsstacker.com\/about\/","name":"About Us - The News Stacker","isPartOf":{"@id":"https:\/\/thenewsstacker.com\/#website"},"datePublished":"2025-11-06T12:38:59+00:00","dateModified":"2025-11-10T18:37:54+00:00","breadcrumb":{"@id":"https:\/\/thenewsstacker.com\/about\/#breadcrumb"},"inLanguage":"tr","potentialAction":[{"@type":"ReadAction","target":["https:\/\/thenewsstacker.com\/about\/"]}]},{"@type":"BreadcrumbList","@id":"https:\/\/thenewsstacker.com\/about\/#breadcrumb","itemListElement":[{"@type":"ListItem","position":1,"name":"Home","item":"https:\/\/thenewsstacker.com\/"},{"@type":"ListItem","position":2,"name":"About Us"}]},{"@type":"WebSite","@id":"https:\/\/thenewsstacker.com\/#website","url":"https:\/\/thenewsstacker.com\/","name":"The News Stacker","description":"","publisher":{"@id":"https:\/\/thenewsstacker.com\/#organization"},"potentialAction":[{"@type":"SearchAction","target":{"@type":"EntryPoint","urlTemplate":"https:\/\/thenewsstacker.com\/?s={search_term_string}"},"query-input":"required name=search_term_string"}],"inLanguage":"tr"},{"@type":"Organization","@id":"https:\/\/thenewsstacker.com\/#organization","name":"The News Stacker","url":"https:\/\/thenewsstacker.com\/","logo":{"@type":"ImageObject","inLanguage":"tr","@id":"https:\/\/thenewsstacker.com\/#\/schema\/logo\/image\/","url":"https:\/\/thenewsstacker.com\/wp-content\/uploads\/sites\/611\/2025\/11\/cropped-thenewsstacker.png","contentUrl":"https:\/\/thenewsstacker.com\/wp-content\/uploads\/sites\/611\/2025\/11\/cropped-thenewsstacker.png","width":256,"height":256,"caption":"The News Stacker"},"image":{"@id":"https:\/\/thenewsstacker.com\/#\/schema\/logo\/image\/"}}]}},"_links":{"self":[{"href":"https:\/\/thenewsstacker.com\/tr\/wp-json\/wp\/v2\/pages\/132"}],"collection":[{"href":"https:\/\/thenewsstacker.com\/tr\/wp-json\/wp\/v2\/pages"}],"about":[{"href":"https:\/\/thenewsstacker.com\/tr\/wp-json\/wp\/v2\/types\/page"}],"author":[{"embeddable":true,"href":"https:\/\/thenewsstacker.com\/tr\/wp-json\/wp\/v2\/users\/17"}],"replies":[{"embeddable":true,"href":"https:\/\/thenewsstacker.com\/tr\/wp-json\/wp\/v2\/comments?post=132"}],"version-history":[{"count":3,"href":"https:\/\/thenewsstacker.com\/tr\/wp-json\/wp\/v2\/pages\/132\/revisions"}],"predecessor-version":[{"id":279,"href":"https:\/\/thenewsstacker.com\/tr\/wp-json\/wp\/v2\/pages\/132\/revisions\/279"}],"wp:attachment":[{"href":"https:\/\/thenewsstacker.com\/tr\/wp-json\/wp\/v2\/media?parent=132"}],"curies":[{"name":"wp","href":"https:\/\/api.w.org\/{rel}","templated":true}]}}