    {"id":37,"date":"2025-11-10T18:35:39","date_gmt":"2025-11-10T18:35:39","guid":{"rendered":"https:\/\/thenewsstacker.com\/?page_id=37"},"modified":"2025-11-10T18:35:43","modified_gmt":"2025-11-10T18:35:43","slug":"privacy","status":"publish","type":"page","link":"https:\/\/thenewsstacker.com\/tr\/privacy\/","title":{"rendered":"Gizlilik Politikas\u0131"},"content":{"rendered":"<p><em>3 Kas\u0131m 2025&#039;te g\u00fcncellendi<\/em><\/p>\n\n\n\n<h2 class=\"wp-block-heading\">Giri\u015f ve \u00d6zet<\/h2>\n\n\n\n<p>News Stacker, haber, medya ve teknoloji hakk\u0131nda y\u00fcksek kaliteli gazetecilik ve \u00f6zenle se\u00e7ilmi\u015f i\u00e7erikler sunarken gizlili\u011finizi korumay\u0131 taahh\u00fct eder. Resmi web sitemiz, <a href=\"https:\/\/thenewsstacker.com\/tr\/\">https:\/\/thenewsstacker.com<\/a>, Estonya&#039;n\u0131n Tallinn kentinde bulunan IansTech O\u00dc adl\u0131 \u015firket taraf\u0131ndan i\u015fletilmektedir.<\/p>\n\n\n\n<p>Bu Gizlilik Politikas\u0131, web sitemizi ziyaret etti\u011finizde ki\u015fisel bilgilerinizi nas\u0131l toplad\u0131\u011f\u0131m\u0131z\u0131, kulland\u0131\u011f\u0131m\u0131z\u0131, if\u015fa etti\u011fimizi ve korudu\u011fumuzu a\u00e7\u0131klamaktad\u0131r. Ayr\u0131ca, Amerika Birle\u015fik Devletleri ve Avrupa Birli\u011fi gibi yarg\u0131 b\u00f6lgelerinde ge\u00e7erli olan \u00e7e\u015fitli veri koruma yasalar\u0131 kapsam\u0131ndaki haklar\u0131n\u0131z\u0131 da \u00f6zetlemektedir. A\u015f\u0131r\u0131 ki\u015fisel veri toplamasak da, toplad\u0131\u011f\u0131m\u0131z t\u00fcm verilerin yasal, adil ve \u015feffaf bir \u015fekilde i\u015flenmesini sa\u011flamak i\u00e7in gerekli t\u00fcm \u00f6nlemleri al\u0131yoruz.<\/p>\n\n\n\n<p>Bu Gizlilik Politikas\u0131 hakk\u0131nda herhangi bir sorunuz varsa l\u00fctfen bizimle ileti\u015fime ge\u00e7in. <a href=\"https:\/\/thenewsstacker.com\/tr\/contact\/\">\u0130leti\u015fim Sayfas\u0131<\/a>.<\/p>\n\n\n\n<h2 class=\"wp-block-heading\">Gizlilik Politikas\u0131n\u0131n Kapsam\u0131<\/h2>\n\n\n\n<p>Bu Gizlilik Politikas\u0131, web sitemizi ziyaret eden veya bu politikaya ba\u011flant\u0131 veren hizmetlerimizden herhangi biriyle etkile\u015fim kuran t\u00fcm kullan\u0131c\u0131lar i\u00e7in ge\u00e7erlidir. Web sitesiyle etkile\u015fiminiz yoluyla g\u00f6nderilen veya otomatik olarak toplanan bilgilerin toplanmas\u0131n\u0131, kullan\u0131m\u0131n\u0131 ve korunmas\u0131n\u0131 d\u00fczenler.<\/p>\n\n\n\n<p>The News Stacker taraf\u0131ndan i\u015fletilmeyen \u00e7evrimd\u0131\u015f\u0131 veya di\u011fer kanallar arac\u0131l\u0131\u011f\u0131yla toplanan veriler i\u00e7in ge\u00e7erli de\u011fildir.<\/p>\n\n\n\n<h2 class=\"wp-block-heading\">Onay<\/h2>\n\n\n\n<p>Web sitemizi kullanarak, bu Gizlilik Politikas\u0131 ve Kullan\u0131m Ko\u015fullar\u0131m\u0131z\u0131 kabul etmi\u015f olursunuz. Kabul etmiyorsan\u0131z, web sitemizi ve hizmetlerimizi kullanmay\u0131 b\u0131rakmal\u0131s\u0131n\u0131z.<\/p>\n\n\n\n<h2 class=\"wp-block-heading\">I. Veri Toplama Uygulamalar\u0131<\/h2>\n\n\n\n<h3 class=\"wp-block-heading\">A. G\u00f6n\u00fcll\u00fc Olarak Sa\u011flad\u0131\u011f\u0131n\u0131z Bilgiler<\/h3>\n\n\n\n<p>Sitemizde gezinmek i\u00e7in ki\u015fisel bilgilerinizi vermeniz zorunlu de\u011fildir. Ancak, a\u015fa\u011f\u0131daki durumlarda ad\u0131n\u0131z, e-posta adresiniz veya di\u011fer ileti\u015fim bilgileriniz gibi ki\u015fisel bilgilerinizi payla\u015fmay\u0131 tercih edebilirsiniz:<\/p>\n\n\n\n<ul>\n<li>B\u00fcltenimize abone olun<\/li>\n\n\n\n<li>Formlar veya e-posta yoluyla bizimle ileti\u015fime ge\u00e7in<\/li>\n\n\n\n<li>Promosyonlara veya anketlere kat\u0131l\u0131m<\/li>\n<\/ul>\n\n\n\n<p>Bu t\u00fcr verileri, talebinizi yerine getirmek veya sizinle ileti\u015fim kurmak i\u00e7in sakl\u0131yoruz.<\/p>\n\n\n\n<h3 class=\"wp-block-heading\">B. Otomatik Olarak Toplanan Bilgiler<\/h3>\n\n\n\n<p>A\u015fa\u011f\u0131daki yollarla belirli teknik ve davran\u0131\u015fsal verileri otomatik olarak topluyoruz:<\/p>\n\n\n\n<ul>\n<li>\u00c7erezler ve izleme teknolojileri<\/li>\n\n\n\n<li>Sunucu g\u00fcnl\u00fck dosyalar\u0131<\/li>\n\n\n\n<li>Analitik ara\u00e7lar (\u00f6rne\u011fin, Google Analytics)<\/li>\n<\/ul>\n\n\n\n<p>Bunlar \u015funlar\u0131 i\u00e7erir:<\/p>\n\n\n\n<ul>\n<li>IP adresi<\/li>\n\n\n\n<li>Taray\u0131c\u0131 ve cihaz t\u00fcr\u00fc<\/li>\n\n\n\n<li>\u0130nternet Servis Sa\u011flay\u0131c\u0131s\u0131<\/li>\n\n\n\n<li>Tarih\/saat damgalar\u0131<\/li>\n\n\n\n<li>Ziyaret edilen sayfalar<\/li>\n\n\n\n<li>T\u0131klama yollar\u0131<\/li>\n<\/ul>\n\n\n\n<p>Bu veriler analiz, ki\u015fiselle\u015ftirme, g\u00fcvenlik ve site performans\u0131n\u0131n iyile\u015ftirilmesi i\u00e7in kullan\u0131l\u0131r.<\/p>\n\n\n\n<h3 class=\"wp-block-heading\">C. \u00dc\u00e7\u00fcnc\u00fc Taraf Verileri ve \u00c7erezler<\/h3>\n\n\n\n<p>Analiz ve reklamc\u0131l\u0131k i\u00e7in \u00fc\u00e7\u00fcnc\u00fc taraflarla ortakl\u0131k kuruyoruz. Bu ortaklar, s\u0131n\u0131rl\u0131 verileri (\u00f6rne\u011fin IP adresi, kullan\u0131c\u0131 davran\u0131\u015f\u0131) toplamak i\u00e7in \u00e7erezler yerle\u015ftirebilir veya izleme komut dosyalar\u0131 kullanabilir.<\/p>\n\n\n\n<p>Kullan\u0131c\u0131lar\u0131, \u00fc\u00e7\u00fcnc\u00fc taraf sa\u011flay\u0131c\u0131lar\u0131n gizlilik politikalar\u0131n\u0131 incelemeye te\u015fvik ediyoruz; bunlara \u015funlar dahildir: <a href=\"https:\/\/policies.google.com\/\">Google&#039;\u0131n Gizlilik ve \u015eartlar\u0131<\/a>.<\/p>\n\n\n\n<h2 class=\"wp-block-heading\">II. Bilgilerinizi Nas\u0131l Kullan\u0131yoruz?<\/h2>\n\n\n\n<p>Toplad\u0131\u011f\u0131m\u0131z bilgileri \u015fu ama\u00e7larla kullan\u0131yoruz:<\/p>\n\n\n\n<ul>\n<li>Web sitesinin i\u015flevselli\u011fini \u00e7al\u0131\u015ft\u0131r\u0131n, koruyun ve iyile\u015ftirin<\/li>\n\n\n\n<li>Kullan\u0131m modellerini ve kullan\u0131c\u0131 ilgi alanlar\u0131n\u0131 anlay\u0131n<\/li>\n\n\n\n<li>G\u00fcncellemeleri veya haber b\u00fcltenlerini g\u00f6nderin (kullan\u0131c\u0131n\u0131n onay\u0131yla)<\/li>\n\n\n\n<li>\u0130\u00e7eri\u011fi ve kullan\u0131c\u0131 deneyimini ki\u015fiselle\u015ftirin<\/li>\n\n\n\n<li>Hedeflenen reklamlar\u0131 sunun<\/li>\n\n\n\n<li>Kullan\u0131c\u0131 sorular\u0131na yan\u0131t verin<\/li>\n\n\n\n<li>Doland\u0131r\u0131c\u0131l\u0131\u011f\u0131 \u00f6nleyin ve site g\u00fcvenli\u011fini art\u0131r\u0131n<\/li>\n<\/ul>\n\n\n\n<p>Biz yap\u0131yoruz <strong>Olumsuz<\/strong> Ki\u015fisel verilerin sat\u0131\u015f\u0131 yasakt\u0131r. Veri payla\u015f\u0131m\u0131 a\u015fa\u011f\u0131dakilerle s\u0131n\u0131rl\u0131d\u0131r:<\/p>\n\n\n\n<ul>\n<li>Yetkili servis sa\u011flay\u0131c\u0131lar\u0131<\/li>\n\n\n\n<li>Analitik ve reklam ortaklar\u0131 (anonimle\u015ftirilmi\u015f verilerle)<\/li>\n\n\n\n<li>Yasan\u0131n gerektirdi\u011fi durumlarda yasal veya d\u00fczenleyici makamlar<\/li>\n<\/ul>\n\n\n\n<h2 class=\"wp-block-heading\">III. \u00c7erez Politikas\u0131<\/h2>\n\n\n\n<h3 class=\"wp-block-heading\">\u00c7erezler Nelerdir?<\/h3>\n\n\n\n<p>\u00c7erezler, web sitelerinin eylemlerinizi ve tercihlerinizi hat\u0131rlamas\u0131na yard\u0131mc\u0131 olan, cihaz\u0131n\u0131zda depolanan k\u00fc\u00e7\u00fck metin dosyalar\u0131d\u0131r.<\/p>\n\n\n\n<h3 class=\"wp-block-heading\">Kulland\u0131\u011f\u0131m\u0131z \u00c7erez T\u00fcrleri<\/h3>\n\n\n\n<ul>\n<li><strong>Temel \u00e7erezler<\/strong> temel site i\u015flevselli\u011fi i\u00e7in<\/li>\n\n\n\n<li><strong>Performans \u00e7erezleri<\/strong> site kullan\u0131m\u0131n\u0131 izlemek i\u00e7in<\/li>\n\n\n\n<li><strong>Reklam \u00e7erezleri<\/strong> ki\u015fiselle\u015ftirme ve hedefleme i\u00e7in<\/li>\n\n\n\n<li><strong>Analitik \u00e7erezler<\/strong> kullan\u0131c\u0131 davran\u0131\u015f\u0131n\u0131 anlamak i\u00e7in<\/li>\n<\/ul>\n\n\n\n<h3 class=\"wp-block-heading\">\u00c7erezleri Y\u00f6netme<\/h3>\n\n\n\n<p>\u00c7erezleri taray\u0131c\u0131 ayarlar\u0131n\u0131z \u00fczerinden y\u00f6netebilir veya devre d\u0131\u015f\u0131 b\u0131rakabilirsiniz. \u00c7erezleri devre d\u0131\u015f\u0131 b\u0131rakmak belirli i\u015flevleri etkileyebilir.<\/p>\n\n\n\n<p>Ayr\u0131nt\u0131lar i\u00e7in taray\u0131c\u0131 k\u0131lavuzlar\u0131na bak\u0131n:<\/p>\n\n\n\n<ul>\n<li><a href=\"https:\/\/support.google.com\/chrome\/answer\/95647\">Google Chrome<\/a><\/li>\n\n\n\n<li><a href=\"https:\/\/support.mozilla.org\/en-US\/kb\/clear-cookies-and-site-data-firefox\">Mozilla Firefox<\/a><\/li>\n\n\n\n<li><a href=\"https:\/\/support.apple.com\/guide\/safari\/manage-cookies-and-website-data-sfri11471\/mac\">Safari<\/a><\/li>\n<\/ul>\n\n\n\n<p>Kullan\u0131c\u0131lar ki\u015fiselle\u015ftirilmi\u015f reklamlar\u0131 \u015fu \u015fekilde devre d\u0131\u015f\u0131 b\u0131rakabilirler:<\/p>\n\n\n\n<ul>\n<li><a href=\"https:\/\/optout.aboutads.info\/\">Reklamlar Hakk\u0131nda<\/a><\/li>\n\n\n\n<li><a href=\"https:\/\/adssettings.google.com\/\">Google Reklam Ayarlar\u0131<\/a><\/li>\n<\/ul>\n\n\n\n<h2 class=\"wp-block-heading\">IV. Veri Koruma ve Payla\u015f\u0131m\u0131<\/h2>\n\n\n\n<p>Bilgilerinizi korumak i\u00e7in uygun idari, teknik ve fiziksel g\u00fcvenlik \u00f6nlemlerini kullan\u0131yoruz. Eri\u015fim, gizlilik y\u00fck\u00fcml\u00fcl\u00fcklerine ba\u011fl\u0131 yetkili personel ve hizmet sa\u011flay\u0131c\u0131larla s\u0131n\u0131rl\u0131d\u0131r.<\/p>\n\n\n\n<p>Ki\u015fisel bilgilerinizi satm\u0131yoruz. Veri payla\u015f\u0131m\u0131 a\u015fa\u011f\u0131daki ko\u015fullar alt\u0131nda ger\u00e7ekle\u015febilir:<\/p>\n\n\n\n<ul>\n<li>Site operasyonlar\u0131nda yard\u0131mc\u0131 olan servis sa\u011flay\u0131c\u0131larla (\u00f6rne\u011fin bar\u0131nd\u0131rma, analiz, e-posta ara\u00e7lar\u0131)<\/li>\n\n\n\n<li>D\u00fczenleyici otoriteler veya mahkeme emirleri taraf\u0131ndan yasal olarak gerekli g\u00f6r\u00fcld\u00fc\u011f\u00fcnde<\/li>\n\n\n\n<li>Yasal haklar\u0131m\u0131z\u0131 uygulamak veya yasal iddialara kar\u015f\u0131 savunma yapmak i\u00e7in<\/li>\n<\/ul>\n\n\n\n<p>T\u00fcm \u00e7abalar\u0131m\u0131za ra\u011fmen hi\u00e7bir sistem tamamen g\u00fcvenli de\u011fildir. Veri ihlali durumunda, etkilenen kullan\u0131c\u0131lar\u0131 yasal gerekliliklere uygun \u015fekilde bilgilendirece\u011fiz.<\/p>\n\n\n\n<h2 class=\"wp-block-heading\">V. Veri Saklama<\/h2>\n\n\n\n<p>Ki\u015fisel verilerinizi yaln\u0131zca a\u015fa\u011f\u0131daki ama\u00e7lar i\u00e7in ihtiya\u00e7 duyuldu\u011fu s\u00fcrece saklar\u0131z:<\/p>\n\n\n\n<ul>\n<li>Bu politikada belirtilen ama\u00e7lar\u0131 yerine getirmek<\/li>\n\n\n\n<li>Yasal y\u00fck\u00fcml\u00fcl\u00fcklere uymak<\/li>\n\n\n\n<li>Anla\u015fmazl\u0131klar\u0131 \u00e7\u00f6zmek veya \u015fartlar\u0131m\u0131z\u0131 uygulamak<\/li>\n<\/ul>\n\n\n\n<p>Ki\u015fisel verilerinizi silmek veya de\u011fi\u015ftirmek isterseniz, bizimle a\u015fa\u011f\u0131daki ileti\u015fim kanallar\u0131m\u0131zdan ileti\u015fime ge\u00e7ebilirsiniz: <a href=\"https:\/\/thenewsstacker.com\/tr\/contact\/\">\u0130leti\u015fim Sayfas\u0131<\/a>.<\/p>\n\n\n\n<h2 class=\"wp-block-heading\">VI. Gizlilik Haklar\u0131n\u0131z<\/h2>\n\n\n\n<p>Yarg\u0131 yetkinize ba\u011fl\u0131 olarak \u015fu haklara sahip olabilirsiniz:<\/p>\n\n\n\n<ul>\n<li>Hakk\u0131n\u0131zda tuttu\u011fumuz ki\u015fisel bilgilere eri\u015fin<\/li>\n\n\n\n<li>Hatal\u0131 verilerin d\u00fczeltilmesini talep edin<\/li>\n\n\n\n<li>Ki\u015fisel verilerinizin silinmesini talep edin<\/li>\n\n\n\n<li>Belirli veri payla\u015f\u0131m uygulamalar\u0131ndan vazge\u00e7in<\/li>\n\n\n\n<li>Verilerinizi yap\u0131land\u0131r\u0131lm\u0131\u015f, ta\u015f\u0131nabilir bir formatta al\u0131n<\/li>\n\n\n\n<li>Hassas verilerin kullan\u0131m\u0131n\u0131 s\u0131n\u0131rlay\u0131n<\/li>\n\n\n\n<li>Belirli ba\u011flamlarda veri i\u015flemeye itiraz<\/li>\n<\/ul>\n\n\n\n<p>Bu haklardan herhangi birini kullanmak i\u00e7in bizimle ileti\u015fime ge\u00e7in. Ge\u00e7erli taleplere 30 g\u00fcn i\u00e7inde yan\u0131t veriyoruz.<\/p>\n\n\n\n<h2 class=\"wp-block-heading\">VII. Amerika Birle\u015fik Devletleri&#039;nde Veri Korumas\u0131<\/h2>\n\n\n\n<p>IansTech O\u00dc gizlili\u011finize sayg\u0131 duyar ve ge\u00e7erli oldu\u011fu durumlarda ABD eyaletlerine \u00f6zg\u00fc veri koruma yasalar\u0131na uyar.<\/p>\n\n\n\n<h3 class=\"wp-block-heading\">Kaliforniya Gizlilik Yasalar\u0131 \u2013 CCPA ve CPRA<\/h3>\n\n\n\n<p>Kaliforniya&#039;da ikamet ediyorsan\u0131z a\u015fa\u011f\u0131daki haklara sahipsiniz:<\/p>\n\n\n\n<ul>\n<li>Kaliforniya T\u00fcketici Gizlili\u011fi Yasas\u0131 (CCPA)<\/li>\n\n\n\n<li>Kaliforniya Gizlilik Haklar\u0131 Yasas\u0131 (CPRA)<\/li>\n<\/ul>\n\n\n\n<p>Haklar\u0131n\u0131z \u015funlar\u0131 i\u00e7erir:<\/p>\n\n\n\n<ul>\n<li>Hangi ki\u015fisel verileri neden toplad\u0131\u011f\u0131m\u0131z\u0131 \u00f6\u011frenin<\/li>\n\n\n\n<li>Ki\u015fisel verilerin silinmesini talep edin<\/li>\n\n\n\n<li>Yanl\u0131\u015f bilgileri d\u00fczeltin<\/li>\n\n\n\n<li>Veri sat\u0131\u015f\u0131ndan veya payla\u015f\u0131m\u0131ndan vazge\u00e7in<\/li>\n\n\n\n<li>Hassas bilgilerin kullan\u0131m\u0131n\u0131 s\u0131n\u0131rlay\u0131n<\/li>\n\n\n\n<li>Haklar\u0131n\u0131z\u0131 kullan\u0131rken ayr\u0131mc\u0131l\u0131k yap\u0131lmamas\u0131<\/li>\n<\/ul>\n\n\n\n<p>K\u00fcresel Gizlilik Kontrol\u00fc (GPC) taray\u0131c\u0131 sinyallerine sayg\u0131 duyuyoruz ve gerekti\u011finde \u00e7erez onay afi\u015fleri ve devre d\u0131\u015f\u0131 b\u0131rakma ara\u00e7lar\u0131 sunuyoruz.<\/p>\n\n\n\n<h3 class=\"wp-block-heading\">Virginia T\u00fcketici Veri Koruma Yasas\u0131 (VCDPA)<\/h3>\n\n\n\n<p>Virginia sakinleri \u015funlar\u0131 yapabilir:<\/p>\n\n\n\n<ul>\n<li>Ki\u015fisel verilere eri\u015fim veya d\u00fczeltme<\/li>\n\n\n\n<li>Silme iste\u011fi<\/li>\n\n\n\n<li>Hedefli reklamlardan veya profillemeden \u00e7\u0131k\u0131n<\/li>\n\n\n\n<li>Ki\u015fisel verilerin bir kopyas\u0131n\u0131 talep edin<\/li>\n<\/ul>\n\n\n\n<h3 class=\"wp-block-heading\">Colorado Gizlilik Yasas\u0131 (CPA)<\/h3>\n\n\n\n<p>CPA, ikamet edenlere \u015fu haklar\u0131 tan\u0131r:<\/p>\n\n\n\n<ul>\n<li>Ki\u015fisel bilgilere eri\u015fim, d\u00fczeltme veya silme<\/li>\n\n\n\n<li>Profil olu\u015fturma ve hedefli reklamlardan vazge\u00e7in<\/li>\n\n\n\n<li>Taray\u0131c\u0131 tabanl\u0131 devre d\u0131\u015f\u0131 b\u0131rakma sinyallerini g\u00f6nderin<\/li>\n<\/ul>\n\n\n\n<h3 class=\"wp-block-heading\">\u00c7ocuklar\u0131n \u00c7evrimi\u00e7i Gizlili\u011fini Koruma Yasas\u0131 (COPPA)<\/h3>\n\n\n\n<p>13 ya\u015f\u0131n alt\u0131ndaki \u00e7ocuklardan bilerek ki\u015fisel veri toplam\u0131yoruz. Bir \u00e7ocu\u011fun bize veri g\u00f6nderdi\u011fine inan\u0131yorsan\u0131z, derhal bizimle ileti\u015fime ge\u00e7in.<\/p>\n\n\n\n<h2 class=\"wp-block-heading\">VIII. Uluslararas\u0131 Veri Aktar\u0131mlar\u0131<\/h2>\n\n\n\n<p>Verileriniz, ABD ve Estonya da dahil olmak \u00fczere, kendi \u00fclkeniz d\u0131\u015f\u0131ndaki \u00fclkelere aktar\u0131labilir ve bu \u00fclkelerde i\u015flenebilir. Uygun oldu\u011fu durumlarda, bu t\u00fcr aktar\u0131mlar\u0131n yasal gerekliliklere uygun olmas\u0131n\u0131 ve yeterli g\u00fcvenlik \u00f6nlemlerinin al\u0131nmas\u0131n\u0131 sa\u011fl\u0131yoruz.<\/p>\n\n\n\n<h2 class=\"wp-block-heading\">IX. \u00c7ocuklar\u0131n Gizlili\u011fi<\/h2>\n\n\n\n<p>Sitemiz 18 ya\u015f\u0131n alt\u0131ndaki \u00e7ocuklara y\u00f6nelik de\u011fildir. K\u00fc\u00e7\u00fcklerden bilerek bilgi toplam\u0131yoruz. Veriler bir \u00e7ocuk taraf\u0131ndan g\u00f6nderilirse, COPPA uyar\u0131nca gerekli oldu\u011fu \u015fekilde silece\u011fiz.<\/p>\n\n\n\n<h2 class=\"wp-block-heading\">X. Bu Politikadaki G\u00fcncellemeler<\/h2>\n\n\n\n<p>Bu Gizlilik Politikas\u0131&#039;n\u0131 periyodik olarak g\u00fcncelleyebiliriz. G\u00fcncellemeler, revizyon tarihiyle birlikte bu sayfada yay\u0131nlanacakt\u0131r. De\u011fi\u015fikliklerden sonra web sitemizi kullanmaya devam etmeniz, bu de\u011fi\u015fiklikleri kabul etti\u011finiz anlam\u0131na gelir.<\/p>\n\n\n\n<h2 class=\"wp-block-heading\">XI. Bize Ula\u015f\u0131n<\/h2>\n\n\n\n<p>Verilerinizle ilgili sorular\u0131n\u0131z varsa veya haklar\u0131n\u0131z\u0131 kullanmak istiyorsan\u0131z l\u00fctfen bizimle \u015fu adresten ileti\u015fime ge\u00e7in:<br><a href=\"https:\/\/thenewsstacker.com\/tr\/contact\/\">https:\/\/thenewsstacker.com\/contact<\/a><\/p>","protected":false},"excerpt":{"rendered":"<p>3 Kas\u0131m 2025 tarihinde g\u00fcncellendi Giri\u015f ve \u00d6zet The News Stacker, haberler, medya ve teknoloji hakk\u0131nda y\u00fcksek kaliteli gazetecilik ve derlenmi\u015f i\u00e7erik sunarken gizlili\u011finizi korumaya kendini adam\u0131\u015ft\u0131r. Resmi web sitemiz, https:\/\/thenewsstacker.com, Tallinn, Estonya merkezli bir \u015firket olan IansTech O\u00dc taraf\u0131ndan i\u015fletilmektedir. Bu Gizlilik Politikas\u0131, verilerinizi nas\u0131l toplad\u0131\u011f\u0131m\u0131z\u0131, kulland\u0131\u011f\u0131m\u0131z\u0131, if\u015fa etti\u011fimizi ve korudu\u011fumuzu a\u00e7\u0131klamaktad\u0131r [\u2026]<\/p>","protected":false},"author":17,"featured_media":0,"parent":0,"menu_order":0,"comment_status":"closed","ping_status":"closed","template":"","meta":{"footnotes":""},"yoast_head":"<!-- This site is optimized with the Yoast SEO plugin v23.3 - https:\/\/yoast.com\/wordpress\/plugins\/seo\/ -->\n<title>Privacy Policy - The News Stacker<\/title>\n<meta name=\"robots\" content=\"index, follow, max-snippet:-1, max-image-preview:large, max-video-preview:-1\" \/>\n<link rel=\"canonical\" href=\"https:\/\/thenewsstacker.com\/tr\/privacy\/\" \/>\n<meta property=\"og:locale\" content=\"tr_TR\" \/>\n<meta property=\"og:type\" content=\"article\" \/>\n<meta property=\"og:title\" content=\"Privacy Policy - The News Stacker\" \/>\n<meta property=\"og:description\" content=\"Updated on November 3, 2025 Introduction and Summary The News Stacker is committed to protecting your privacy while providing high-quality journalism and curated content about news, media, and technology. Our official website, https:\/\/thenewsstacker.com, is operated by IansTech O\u00dc, a company based in Tallinn, Estonia. This Privacy Policy explains how we collect, use, disclose, and safeguard [&hellip;]\" \/>\n<meta property=\"og:url\" content=\"https:\/\/thenewsstacker.com\/tr\/privacy\/\" \/>\n<meta property=\"og:site_name\" content=\"The News Stacker\" \/>\n<meta property=\"article:modified_time\" content=\"2025-11-10T18:35:43+00:00\" \/>\n<meta name=\"twitter:card\" content=\"summary_large_image\" \/>\n<meta name=\"twitter:label1\" content=\"Est. reading time\" \/>\n\t<meta name=\"twitter:data1\" content=\"5 dakika\" \/>\n<script type=\"application\/ld+json\" class=\"yoast-schema-graph\">{\"@context\":\"https:\/\/schema.org\",\"@graph\":[{\"@type\":\"WebPage\",\"@id\":\"https:\/\/thenewsstacker.com\/privacy\/\",\"url\":\"https:\/\/thenewsstacker.com\/privacy\/\",\"name\":\"Privacy Policy - The News Stacker\",\"isPartOf\":{\"@id\":\"https:\/\/thenewsstacker.com\/#website\"},\"datePublished\":\"2025-11-10T18:35:39+00:00\",\"dateModified\":\"2025-11-10T18:35:43+00:00\",\"breadcrumb\":{\"@id\":\"https:\/\/thenewsstacker.com\/privacy\/#breadcrumb\"},\"inLanguage\":\"tr\",\"potentialAction\":[{\"@type\":\"ReadAction\",\"target\":[\"https:\/\/thenewsstacker.com\/privacy\/\"]}]},{\"@type\":\"BreadcrumbList\",\"@id\":\"https:\/\/thenewsstacker.com\/privacy\/#breadcrumb\",\"itemListElement\":[{\"@type\":\"ListItem\",\"position\":1,\"name\":\"Home\",\"item\":\"https:\/\/thenewsstacker.com\/\"},{\"@type\":\"ListItem\",\"position\":2,\"name\":\"Privacy Policy\"}]},{\"@type\":\"WebSite\",\"@id\":\"https:\/\/thenewsstacker.com\/#website\",\"url\":\"https:\/\/thenewsstacker.com\/\",\"name\":\"The News Stacker\",\"description\":\"\",\"publisher\":{\"@id\":\"https:\/\/thenewsstacker.com\/#organization\"},\"potentialAction\":[{\"@type\":\"SearchAction\",\"target\":{\"@type\":\"EntryPoint\",\"urlTemplate\":\"https:\/\/thenewsstacker.com\/?s={search_term_string}\"},\"query-input\":\"required name=search_term_string\"}],\"inLanguage\":\"tr\"},{\"@type\":\"Organization\",\"@id\":\"https:\/\/thenewsstacker.com\/#organization\",\"name\":\"The News Stacker\",\"url\":\"https:\/\/thenewsstacker.com\/\",\"logo\":{\"@type\":\"ImageObject\",\"inLanguage\":\"tr\",\"@id\":\"https:\/\/thenewsstacker.com\/#\/schema\/logo\/image\/\",\"url\":\"https:\/\/thenewsstacker.com\/wp-content\/uploads\/sites\/611\/2025\/11\/cropped-thenewsstacker.png\",\"contentUrl\":\"https:\/\/thenewsstacker.com\/wp-content\/uploads\/sites\/611\/2025\/11\/cropped-thenewsstacker.png\",\"width\":256,\"height\":256,\"caption\":\"The News Stacker\"},\"image\":{\"@id\":\"https:\/\/thenewsstacker.com\/#\/schema\/logo\/image\/\"}}]}<\/script>\n<!-- \/ Yoast SEO plugin. -->","yoast_head_json":{"title":"Privacy Policy - The News Stacker","robots":{"index":"index","follow":"follow","max-snippet":"max-snippet:-1","max-image-preview":"max-image-preview:large","max-video-preview":"max-video-preview:-1"},"canonical":"https:\/\/thenewsstacker.com\/tr\/privacy\/","og_locale":"tr_TR","og_type":"article","og_title":"Privacy Policy - The News Stacker","og_description":"Updated on November 3, 2025 Introduction and Summary The News Stacker is committed to protecting your privacy while providing high-quality journalism and curated content about news, media, and technology. Our official website, https:\/\/thenewsstacker.com, is operated by IansTech O\u00dc, a company based in Tallinn, Estonia. This Privacy Policy explains how we collect, use, disclose, and safeguard [&hellip;]","og_url":"https:\/\/thenewsstacker.com\/tr\/privacy\/","og_site_name":"The News Stacker","article_modified_time":"2025-11-10T18:35:43+00:00","twitter_card":"summary_large_image","twitter_misc":{"Est. reading time":"5 dakika"},"schema":{"@context":"https:\/\/schema.org","@graph":[{"@type":"WebPage","@id":"https:\/\/thenewsstacker.com\/privacy\/","url":"https:\/\/thenewsstacker.com\/privacy\/","name":"Privacy Policy - The News Stacker","isPartOf":{"@id":"https:\/\/thenewsstacker.com\/#website"},"datePublished":"2025-11-10T18:35:39+00:00","dateModified":"2025-11-10T18:35:43+00:00","breadcrumb":{"@id":"https:\/\/thenewsstacker.com\/privacy\/#breadcrumb"},"inLanguage":"tr","potentialAction":[{"@type":"ReadAction","target":["https:\/\/thenewsstacker.com\/privacy\/"]}]},{"@type":"BreadcrumbList","@id":"https:\/\/thenewsstacker.com\/privacy\/#breadcrumb","itemListElement":[{"@type":"ListItem","position":1,"name":"Home","item":"https:\/\/thenewsstacker.com\/"},{"@type":"ListItem","position":2,"name":"Privacy Policy"}]},{"@type":"WebSite","@id":"https:\/\/thenewsstacker.com\/#website","url":"https:\/\/thenewsstacker.com\/","name":"The News Stacker","description":"","publisher":{"@id":"https:\/\/thenewsstacker.com\/#organization"},"potentialAction":[{"@type":"SearchAction","target":{"@type":"EntryPoint","urlTemplate":"https:\/\/thenewsstacker.com\/?s={search_term_string}"},"query-input":"required name=search_term_string"}],"inLanguage":"tr"},{"@type":"Organization","@id":"https:\/\/thenewsstacker.com\/#organization","name":"The News Stacker","url":"https:\/\/thenewsstacker.com\/","logo":{"@type":"ImageObject","inLanguage":"tr","@id":"https:\/\/thenewsstacker.com\/#\/schema\/logo\/image\/","url":"https:\/\/thenewsstacker.com\/wp-content\/uploads\/sites\/611\/2025\/11\/cropped-thenewsstacker.png","contentUrl":"https:\/\/thenewsstacker.com\/wp-content\/uploads\/sites\/611\/2025\/11\/cropped-thenewsstacker.png","width":256,"height":256,"caption":"The News Stacker"},"image":{"@id":"https:\/\/thenewsstacker.com\/#\/schema\/logo\/image\/"}}]}},"_links":{"self":[{"href":"https:\/\/thenewsstacker.com\/tr\/wp-json\/wp\/v2\/pages\/37"}],"collection":[{"href":"https:\/\/thenewsstacker.com\/tr\/wp-json\/wp\/v2\/pages"}],"about":[{"href":"https:\/\/thenewsstacker.com\/tr\/wp-json\/wp\/v2\/types\/page"}],"author":[{"embeddable":true,"href":"https:\/\/thenewsstacker.com\/tr\/wp-json\/wp\/v2\/users\/17"}],"replies":[{"embeddable":true,"href":"https:\/\/thenewsstacker.com\/tr\/wp-json\/wp\/v2\/comments?post=37"}],"version-history":[{"count":2,"href":"https:\/\/thenewsstacker.com\/tr\/wp-json\/wp\/v2\/pages\/37\/revisions"}],"predecessor-version":[{"id":273,"href":"https:\/\/thenewsstacker.com\/tr\/wp-json\/wp\/v2\/pages\/37\/revisions\/273"}],"wp:attachment":[{"href":"https:\/\/thenewsstacker.com\/tr\/wp-json\/wp\/v2\/media?parent=37"}],"curies":[{"name":"wp","href":"https:\/\/api.w.org\/{rel}","templated":true}]}}